{"id":3026,"date":"2021-09-02T06:31:16","date_gmt":"2021-09-02T06:31:16","guid":{"rendered":"https:\/\/svenskafiskauktioner.se\/foeranmaelan\/"},"modified":"2021-09-08T09:14:33","modified_gmt":"2021-09-08T09:14:33","slug":"foeranmaelan","status":"publish","type":"page","link":"https:\/\/svenskafiskauktioner.se\/de\/foeranmaelan\/","title":{"rendered":"VORANMELDUNG"},"content":{"rendered":"<p>[et_pb_section fb_built=&#8220;1&#8243; next_background_color=&#8220;#ffffff&#8220; admin_label=&#8220;Header&#8220; _builder_version=&#8220;4.7.3&#8243; background_color=&#8220;#34545a&#8220; background_image=&#8220;https:\/\/svenskafiskauktioner.se\/wp-content\/uploads\/2020\/09\/hjalmaren2.jpg&#8220; custom_margin=&#8220;||||false&#8220; custom_padding=&#8220;11vw||11vw||true|false&#8220; bottom_divider_style=&#8220;curve&#8220; bottom_divider_height=&#8220;6vw&#8220; global_colors_info=&#8220;{}&#8220;][et_pb_row _builder_version=&#8220;4.7.3&#8243; background_color=&#8220;rgba(0,39,99,0.7)&#8220; background_enable_image=&#8220;off&#8220; background_size=&#8220;contain&#8220; custom_padding=&#8220;||16px|||&#8220; animation_style=&#8220;zoom&#8220; animation_intensity_zoom=&#8220;10%&#8220; border_radii=&#8220;on|5px|5px|5px|5px&#8220; global_colors_info=&#8220;{}&#8220;][et_pb_column type=&#8220;4_4&#8243; _builder_version=&#8220;3.25&#8243; custom_padding=&#8220;|||&#8220; global_colors_info=&#8220;{}&#8220; custom_padding__hover=&#8220;|||&#8220;][et_pb_text _builder_version=&#8220;4.5.1&#8243; text_font=&#8220;||||||||&#8220; header_font=&#8220;Montserrat|500||on|||||&#8220; header_font_size=&#8220;18px&#8220; header_letter_spacing=&#8220;5px&#8220; header_line_height=&#8220;1.5em&#8220; header_2_font=&#8220;Merriweather|||on|||||&#8220; header_2_font_size=&#8220;52px&#8220; header_2_letter_spacing=&#8220;5px&#8220; header_2_line_height=&#8220;1.4em&#8220; text_orientation=&#8220;center&#8220; background_layout=&#8220;dark&#8220; header_font_size_tablet=&#8220;&#8220; header_font_size_phone=&#8220;12px&#8220; header_font_size_last_edited=&#8220;on|desktop&#8220; header_2_font_size_tablet=&#8220;50px&#8220; header_2_font_size_phone=&#8220;30px&#8220; header_2_font_size_last_edited=&#8220;on|desktop&#8220; global_colors_info=&#8220;{}&#8220;]<\/p>\n<h2>Voranmeldung<\/h2>\n<p>[\/et_pb_text][\/et_pb_column][\/et_pb_row][\/et_pb_section][et_pb_section fb_built=&#8220;1&#8243; _builder_version=&#8220;4.6.0&#8243; _module_preset=&#8220;default&#8220; custom_padding=&#8220;68px||172px|||&#8220; bottom_divider_color=&#8220;#d6d6d6&#8243; global_colors_info=&#8220;{}&#8220;][et_pb_row column_structure=&#8220;1_2,1_2&#8243; _builder_version=&#8220;4.6.0&#8243; _module_preset=&#8220;default&#8220; global_colors_info=&#8220;{}&#8220;][et_pb_column type=&#8220;1_2&#8243; _builder_version=&#8220;4.6.0&#8243; _module_preset=&#8220;default&#8220; global_colors_info=&#8220;{}&#8220;][et_pb_text _builder_version=&#8220;4.9.1&#8243; _module_preset=&#8220;default&#8220; text_font=&#8220;|600|||||||&#8220; text_font_size=&#8220;16px&#8220; header_2_font=&#8220;Merriweather|700|||||||&#8220; header_2_text_align=&#8220;center&#8220; header_2_text_color=&#8220;#5e5e5e&#8220; header_2_font_size=&#8220;30px&#8220; header_2_line_height=&#8220;1.3em&#8220; background_color=&#8220;#f4f4f4&#8243; text_orientation=&#8220;center&#8220; custom_margin=&#8220;0px||||false|false&#8220; custom_padding=&#8220;25px||20px||false|false&#8220; header_2_font_size_tablet=&#8220;30px&#8220; header_2_font_size_phone=&#8220;24px&#8220; header_2_font_size_last_edited=&#8220;on|phone&#8220; border_radii=&#8220;on|4px|4px|4px|4px&#8220; box_shadow_style=&#8220;preset3&#8243; box_shadow_spread=&#8220;-13px&#8220; global_colors_info=&#8220;{}&#8220;]<\/p>\n<h2>Voranmeldung Sm\u00f6gen<\/h2>\n<p>[\/et_pb_text][et_pb_text _builder_version=&#8220;4.6.0&#8243; _module_preset=&#8220;default&#8220; background_color=&#8220;#f4f4f4&#8243; custom_padding=&#8220;||15px||false|false&#8220; global_colors_info=&#8220;{}&#8220;]<\/p>\n<div class=foranmalan><h2><span style=\"color: #0000ff;\"><strong>Trevlig helg<\/strong><\/span><\/h2>\n<h2><strong>Tillf\u00f6rsel 20\/4-26 kl 08<\/strong><strong>:00<\/strong><\/h2>\n<h3><span style=\"font-size: 18px;\">Sm\u00f6genr\u00e4kor ca\u00a0 <\/span><span style=\"font-size: 18px;\">ldr ( )<\/span><\/h3>\n<h3><span style=\"font-size: 18px;\">Sm\u00f6genkr\u00e4fta ca\u00a0 ldr \u00a0() <\/span><\/h3>\n<h4>Sm\u00f6genkr\u00e4fta i kassett strl (6-10)\u00a0 ldr ()<\/h4>\n<h4>Fisk \u00f6vrig ca\u00a0 ldr ()<\/h4>\n<h4>Sockert\u00e5ng 0,5 kg \/ frp, (Ny sj\u00f6rdad) skickas direkt fr\u00e5n Sm\u00f6gen ( finns 10 st)<\/h4>\n<h4>Sej\u00a0 ldr ()<\/h4>\n<h4>Torsk\u00a0 ca ldr ()<\/h4>\n<h4>Kolja ca \u00a0ldr ()<\/h4>\n<h4>Ostron (Japan)\u00a0 ldr<\/h4>\n<h4>Pigghaj \u00a0ca\u00a0 ldr ()<\/h4>\n<h4>H\u00e4lleflundra st a\u2019kg<\/h4>\n<h4>Krabbklor ca\u00a0 \u00a0ldr ca kg (Bj\u00f6rholmen)<\/h4>\n<h4>Ostron (Grebbestad)\u00a0 ldr<\/h4>\n<h4>Marulk M\/H ca\u00a0 ldr ()<\/h4>\n<h4>Marulk rump\u00a0 ldr ()<\/h4>\n<h4>R\u00f6dtunga ca\u00a0 ldr ( )<\/h4>\n<h4>Krabba\u00a0 kg (Honor)<\/h4>\n<hr \/>\n<h3><\/h3>\n<p>B\u00e5tar inom parentes har f\u00f6ranm\u00e4lt volym)<\/p>\n<p>L\u00e4gg g\u00e4rna till Sm\u00f6gens F\u00f6ranm\u00e4lan i WhatsApp, L\u00e4gg in 073-236 99 94 i telefonboken, sedan l\u00e4gg till i WhatsApp.<\/p>\n<p>svenskafiskauktioner.se<\/p>\n<p><strong>Mvh Sm\u00f6gens Fiskauktion<\/strong><\/p>\n<\/div>\n<p>[\/et_pb_text][\/et_pb_column][et_pb_column type=&#8220;1_2&#8243; _builder_version=&#8220;4.6.0&#8243; _module_preset=&#8220;default&#8220; global_colors_info=&#8220;{}&#8220;][et_pb_text _builder_version=&#8220;4.9.1&#8243; _module_preset=&#8220;default&#8220; text_font=&#8220;|600|||||||&#8220; text_font_size=&#8220;16px&#8220; header_2_font=&#8220;Merriweather|700|||||||&#8220; header_2_text_align=&#8220;center&#8220; header_2_text_color=&#8220;#5e5e5e&#8220; header_2_font_size=&#8220;30px&#8220; header_2_line_height=&#8220;1.3em&#8220; background_color=&#8220;#f4f4f4&#8243; text_orientation=&#8220;center&#8220; custom_margin=&#8220;0px||||false|false&#8220; custom_padding=&#8220;25px||20px||false|false&#8220; header_2_font_size_tablet=&#8220;&#8220; header_2_font_size_phone=&#8220;24px&#8220; header_2_font_size_last_edited=&#8220;on|phone&#8220; border_radii=&#8220;on|4px|4px|4px|4px&#8220; box_shadow_style=&#8220;preset3&#8243; box_shadow_spread=&#8220;-13px&#8220; global_colors_info=&#8220;{}&#8220;]<\/p>\n<h2>Voranmeldung Stockholm<\/h2>\n<p>[\/et_pb_text][et_pb_text admin_label=&#8220;Text&#8220; _builder_version=&#8220;4.6.0&#8243; _module_preset=&#8220;default&#8220; background_color=&#8220;#f4f4f4&#8243; custom_padding=&#8220;||15px||false|false&#8220; global_colors_info=&#8220;{}&#8220;]<\/p>\n<div class=foranmalan><h3><strong>F\u00f6ranm\u00e4lan\/Expected Supply\/Verwachte Aanvoer Stockholm<\/strong><strong>\u00a0<\/strong><\/h3>\n<h3><b>Tisdag 21\/4<\/b><b> Efter Sm\u00f6gen<\/b><\/h3>\n<h4>G\u00f6s\/Pike Perch\/Snoekbaars<\/h4>\n<h4>MSC: kg<\/h4>\n<h4>Ej\/No\/ MSC: kg<\/h4>\n<h4>G\u00e4dda\/Pike\/Snoek: kg<\/h4>\n<h4>Perch\/Aborre:\u00a0 kg<\/h4>\n<h4>Lake\/Burbot:\u00a0 1k<\/h4>\n<h4>\u00d6ring: kg (No export)<\/h4>\n<h4>Lax: kg (No export)<\/h4>\n<h4><\/h4>\n<hr \/>\n<p>Vi anv\u00e4nder oss \u00e4ven av Whatsapp f\u00f6r att meddela f\u00f6ranm\u00e4lningar av fisk. 0708-148850.<\/p>\n<p><strong>Mvh Stockholms Fiskauktion<\/strong><\/p>\n<\/div>\n<p>[\/et_pb_text][\/et_pb_column][\/et_pb_row][\/et_pb_section][et_pb_section fb_built=&#8220;1&#8243; _builder_version=&#8220;4.6.0&#8243; _module_preset=&#8220;default&#8220; custom_margin=&#8220;1px||-13px|||&#8220; custom_padding=&#8220;0px|||||&#8220; bottom_divider_style=&#8220;wave2&#8243; bottom_divider_color=&#8220;rgba(0,63,122,0.49)&#8220; global_colors_info=&#8220;{}&#8220;][\/et_pb_section][et_pb_section fb_built=&#8220;1&#8243; _builder_version=&#8220;4.5.1&#8243; _module_preset=&#8220;default&#8220; background_color=&#8220;#f4f4f4&#8243; use_background_color_gradient=&#8220;on&#8220; background_color_gradient_start=&#8220;#ffffff&#8220; background_color_gradient_end=&#8220;rgba(0,0,0,0)&#8220; background_color_gradient_direction=&#8220;179deg&#8220; background_color_gradient_start_position=&#8220;100%&#8220; background_color_gradient_end_position=&#8220;22%&#8220; background_enable_image=&#8220;off&#8220; custom_margin=&#8220;-2px|||||&#8220; custom_padding=&#8220;21px||21px||true|&#8220; global_colors_info=&#8220;{}&#8220;][et_pb_row column_structure=&#8220;1_6,1_6,1_6,1_6,1_6,1_6&#8243; _builder_version=&#8220;4.5.1&#8243; _module_preset=&#8220;default&#8220; custom_margin=&#8220;14px|auto|6px|auto||&#8220; custom_padding=&#8220;||27px|||&#8220; global_colors_info=&#8220;{}&#8220;][et_pb_column type=&#8220;1_6&#8243; _builder_version=&#8220;4.5.1&#8243; _module_preset=&#8220;default&#8220; global_colors_info=&#8220;{}&#8220;][et_pb_image src=&#8220;https:\/\/svenskafiskauktioner.se\/wp-content\/uploads\/2020\/08\/smogenrakor.jpg&#8220; title_text=&#8220;smogenrakor&#8220; _builder_version=&#8220;4.5.1&#8243; _module_preset=&#8220;default&#8220; global_colors_info=&#8220;{}&#8220;][\/et_pb_image][\/et_pb_column][et_pb_column type=&#8220;1_6&#8243; _builder_version=&#8220;4.5.1&#8243; _module_preset=&#8220;default&#8220; global_colors_info=&#8220;{}&#8220;][et_pb_image src=&#8220;https:\/\/svenskafiskauktioner.se\/wp-content\/uploads\/2020\/07\/logo-webbstart.png&#8220; title_text=&#8220;logo-webbstart&#8220; _builder_version=&#8220;4.5.1&#8243; _module_preset=&#8220;default&#8220; width=&#8220;83%&#8220; global_colors_info=&#8220;{}&#8220;][\/et_pb_image][\/et_pb_column][et_pb_column type=&#8220;1_6&#8243; _builder_version=&#8220;4.5.1&#8243; _module_preset=&#8220;default&#8220; global_colors_info=&#8220;{}&#8220;][et_pb_image src=&#8220;https:\/\/svenskafiskauktioner.se\/wp-content\/uploads\/2020\/08\/logo-sthlm-krafta.jpg&#8220; title_text=&#8220;logo-sthlm-krafta&#8220; _builder_version=&#8220;4.5.1&#8243; _module_preset=&#8220;default&#8220; width=&#8220;100%&#8220; max_width=&#8220;100%&#8220; custom_padding=&#8220;||17px|||&#8220; global_colors_info=&#8220;{}&#8220;][\/et_pb_image][\/et_pb_column][et_pb_column type=&#8220;1_6&#8243; _builder_version=&#8220;4.5.1&#8243; _module_preset=&#8220;default&#8220; global_colors_info=&#8220;{}&#8220;][et_pb_image src=&#8220;https:\/\/svenskafiskauktioner.se\/wp-content\/uploads\/2020\/09\/logo-smagen2.png&#8220; title_text=&#8220;logo-smagen2&#8243; _builder_version=&#8220;4.6.0&#8243; _module_preset=&#8220;default&#8220; width=&#8220;97%&#8220; global_colors_info=&#8220;{}&#8220;][\/et_pb_image][\/et_pb_column][et_pb_column type=&#8220;1_6&#8243; _builder_version=&#8220;4.5.1&#8243; _module_preset=&#8220;default&#8220; global_colors_info=&#8220;{}&#8220;][et_pb_image src=&#8220;https:\/\/svenskafiskauktioner.se\/wp-content\/uploads\/2020\/08\/smogenkraftor.jpg&#8220; title_text=&#8220;smogenkraftor&#8220; _builder_version=&#8220;4.5.1&#8243; _module_preset=&#8220;default&#8220; global_colors_info=&#8220;{}&#8220;][\/et_pb_image][\/et_pb_column][et_pb_column type=&#8220;1_6&#8243; _builder_version=&#8220;4.5.1&#8243; _module_preset=&#8220;default&#8220; global_colors_info=&#8220;{}&#8220;][et_pb_image src=&#8220;https:\/\/svenskafiskauktioner.se\/wp-content\/uploads\/2020\/09\/Svensk-gos__staende.png&#8220; title_text=&#8220;Svensk-gos__staende&#8220; _builder_version=&#8220;4.6.0&#8243; _module_preset=&#8220;default&#8220; global_colors_info=&#8220;{}&#8220;][\/et_pb_image][\/et_pb_column][\/et_pb_row][\/et_pb_section]<\/p>\n","protected":false},"excerpt":{"rendered":"<p>VoranmeldungVoranmeldung Sm\u00f6gen<div class=foranmalan><h2><span style=\"color: #0000ff;\"><strong>Trevlig helg<\/strong><\/span><\/h2>\n<h2><strong>Tillf\u00f6rsel 20\/4-26 kl 08<\/strong><strong>:00<\/strong><\/h2>\n<h3><span style=\"font-size: 18px;\">Sm\u00f6genr\u00e4kor ca\u00a0 <\/span><span style=\"font-size: 18px;\">ldr ( )<\/span><\/h3>\n<h3><span style=\"font-size: 18px;\">Sm\u00f6genkr\u00e4fta ca\u00a0 ldr \u00a0() <\/span><\/h3>\n<h4>Sm\u00f6genkr\u00e4fta i kassett strl (6-10)\u00a0 ldr ()<\/h4>\n<h4>Fisk \u00f6vrig ca\u00a0 ldr ()<\/h4>\n<h4>Sockert\u00e5ng 0,5 kg \/ frp, (Ny sj\u00f6rdad) skickas direkt fr\u00e5n Sm\u00f6gen ( finns 10 st)<\/h4>\n<h4>Sej\u00a0 ldr ()<\/h4>\n<h4>Torsk\u00a0 ca ldr ()<\/h4>\n<h4>Kolja ca \u00a0ldr ()<\/h4>\n<h4>Ostron (Japan)\u00a0 ldr<\/h4>\n<h4>Pigghaj \u00a0ca\u00a0 ldr ()<\/h4>\n<h4>H\u00e4lleflundra st a\u2019kg<\/h4>\n<h4>Krabbklor ca\u00a0 \u00a0ldr ca kg (Bj\u00f6rholmen)<\/h4>\n<h4>Ostron (Grebbestad)\u00a0 ldr<\/h4>\n<h4>Marulk M\/H ca\u00a0 ldr ()<\/h4>\n<h4>Marulk rump\u00a0 ldr ()<\/h4>\n<h4>R\u00f6dtunga ca\u00a0 ldr ( )<\/h4>\n<h4>Krabba\u00a0 kg (Honor)<\/h4>\n<hr \/>\n<h3><\/h3>\n<p>B\u00e5tar inom parentes har f\u00f6ranm\u00e4lt volym)<\/p>\n<p>L\u00e4gg g\u00e4rna till Sm\u00f6gens F\u00f6ranm\u00e4lan i WhatsApp, L\u00e4gg in 073-236 99 94 i telefonboken, sedan l\u00e4gg till i WhatsApp.<\/p>\n<p>svenskafiskauktioner.se<\/p>\n<p><strong>Mvh Sm\u00f6gens Fiskauktion<\/strong><\/p>\n<\/div>Voranmeldung Stockholm<div class=foranmalan><h3><strong>F\u00f6ranm\u00e4lan\/Expected Supply\/Verwachte Aanvoer Stockholm<\/strong><strong>\u00a0<\/strong><\/h3>\n<h3><b>Tisdag 21\/4<\/b><b> Efter Sm\u00f6gen<\/b><\/h3>\n<h4>G\u00f6s\/Pike Perch\/Snoekbaars<\/h4>\n<h4>MSC: kg<\/h4>\n<h4>Ej\/No\/ MSC: kg<\/h4>\n<h4>G\u00e4dda\/Pike\/Snoek: kg<\/h4>\n<h4>Perch\/Aborre:\u00a0 kg<\/h4>\n<h4>Lake\/Burbot:\u00a0 1k<\/h4>\n<h4>\u00d6ring: kg (No export)<\/h4>\n<h4>Lax: kg (No export)<\/h4>\n<h4><\/h4>\n<hr \/>\n<p>Vi anv\u00e4nder oss \u00e4ven av Whatsapp f\u00f6r att meddela f\u00f6ranm\u00e4lningar av fisk. 0708-148850.<\/p>\n<p><strong>Mvh Stockholms Fiskauktion<\/strong><\/p>\n<\/div><\/p>\n","protected":false},"author":2,"featured_media":0,"parent":0,"menu_order":0,"comment_status":"closed","ping_status":"closed","template":"","meta":{"_acf_changed":false,"_et_pb_use_builder":"on","_et_pb_old_content":"","_et_gb_content_width":"","footnotes":""},"class_list":["post-3026","page","type-page","status-publish","hentry"],"acf":[],"_links":{"self":[{"href":"https:\/\/svenskafiskauktioner.se\/de\/wp-json\/wp\/v2\/pages\/3026","targetHints":{"allow":["GET"]}}],"collection":[{"href":"https:\/\/svenskafiskauktioner.se\/de\/wp-json\/wp\/v2\/pages"}],"about":[{"href":"https:\/\/svenskafiskauktioner.se\/de\/wp-json\/wp\/v2\/types\/page"}],"author":[{"embeddable":true,"href":"https:\/\/svenskafiskauktioner.se\/de\/wp-json\/wp\/v2\/users\/2"}],"replies":[{"embeddable":true,"href":"https:\/\/svenskafiskauktioner.se\/de\/wp-json\/wp\/v2\/comments?post=3026"}],"version-history":[{"count":5,"href":"https:\/\/svenskafiskauktioner.se\/de\/wp-json\/wp\/v2\/pages\/3026\/revisions"}],"predecessor-version":[{"id":3290,"href":"https:\/\/svenskafiskauktioner.se\/de\/wp-json\/wp\/v2\/pages\/3026\/revisions\/3290"}],"wp:attachment":[{"href":"https:\/\/svenskafiskauktioner.se\/de\/wp-json\/wp\/v2\/media?parent=3026"}],"curies":[{"name":"wp","href":"https:\/\/api.w.org\/{rel}","templated":true}]}}