{"id":3035,"date":"2021-09-02T07:42:25","date_gmt":"2021-09-02T07:42:25","guid":{"rendered":"https:\/\/svenskafiskauktioner.se\/hantering\/"},"modified":"2021-09-08T09:22:53","modified_gmt":"2021-09-08T09:22:53","slug":"hantering","status":"publish","type":"page","link":"https:\/\/svenskafiskauktioner.se\/de\/arbetsgang\/hantering\/","title":{"rendered":"VERWALTUNG"},"content":{"rendered":"<p>[et_pb_section fb_built=&#8220;1&#8243; next_background_color=&#8220;#ffffff&#8220; admin_label=&#8220;Header&#8220; _builder_version=&#8220;4.9.2&#8243; background_color=&#8220;#34545a&#8220; background_image=&#8220;https:\/\/svenskafiskauktioner.se\/wp-content\/uploads\/2021\/03\/bild3-arbetsgang.jpg&#8220; custom_margin=&#8220;||||false&#8220; custom_padding=&#8220;11vw||11vw||true|false&#8220; bottom_divider_style=&#8220;curve&#8220; bottom_divider_height=&#8220;6vw&#8220; global_colors_info=&#8220;{}&#8220;][et_pb_row _builder_version=&#8220;4.7.3&#8243; background_color=&#8220;rgba(0,39,99,0.79)&#8220; background_enable_image=&#8220;off&#8220; background_size=&#8220;contain&#8220; custom_padding=&#8220;||16px|||&#8220; animation_style=&#8220;zoom&#8220; animation_intensity_zoom=&#8220;10%&#8220; border_radii=&#8220;on|5px|5px|5px|5px&#8220; global_colors_info=&#8220;{}&#8220;][et_pb_column type=&#8220;4_4&#8243; _builder_version=&#8220;3.25&#8243; custom_padding=&#8220;|||&#8220; global_colors_info=&#8220;{}&#8220; custom_padding__hover=&#8220;|||&#8220;][et_pb_text _builder_version=&#8220;4.5.1&#8243; text_font=&#8220;||||||||&#8220; header_font=&#8220;Montserrat|500||on|||||&#8220; header_font_size=&#8220;18px&#8220; header_letter_spacing=&#8220;5px&#8220; header_line_height=&#8220;1.5em&#8220; header_2_font=&#8220;Merriweather|||on|||||&#8220; header_2_font_size=&#8220;52px&#8220; header_2_letter_spacing=&#8220;5px&#8220; header_2_line_height=&#8220;1.4em&#8220; text_orientation=&#8220;center&#8220; background_layout=&#8220;dark&#8220; header_font_size_tablet=&#8220;&#8220; header_font_size_phone=&#8220;12px&#8220; header_font_size_last_edited=&#8220;on|desktop&#8220; header_2_font_size_tablet=&#8220;50px&#8220; header_2_font_size_phone=&#8220;30px&#8220; header_2_font_size_last_edited=&#8220;on|desktop&#8220; global_colors_info=&#8220;{}&#8220;]<\/p>\n<h2>Verwaltung<\/h2>\n<p>[\/et_pb_text][\/et_pb_column][\/et_pb_row][\/et_pb_section][et_pb_section fb_built=&#8220;1&#8243; admin_label=&#8220;Features&#8220; _builder_version=&#8220;4.6.0&#8243; width=&#8220;100%&#8220; min_height=&#8220;519px&#8220; custom_margin=&#8220;||-4px|||&#8220; custom_padding=&#8220;||93px|||&#8220; bottom_divider_color=&#8220;#d6d6d6&#8243; global_colors_info=&#8220;{}&#8220;][et_pb_row column_structure=&#8220;1_2,1_2&#8243; _builder_version=&#8220;4.5.1&#8243; _module_preset=&#8220;default&#8220; custom_padding=&#8220;||21px|||&#8220; global_colors_info=&#8220;{}&#8220;][et_pb_column type=&#8220;1_2&#8243; _builder_version=&#8220;4.5.1&#8243; _module_preset=&#8220;default&#8220; global_colors_info=&#8220;{}&#8220;][et_pb_text _builder_version=&#8220;4.6.0&#8243; _module_preset=&#8220;default&#8220; header_2_font=&#8220;Merriweather|700|||||||&#8220; header_2_font_size=&#8220;30px&#8220; custom_margin=&#8220;||16px|||&#8220; global_colors_info=&#8220;{}&#8220;]<\/p>\n<h2>Verwaltung<\/h2>\n<p>[\/et_pb_text][et_pb_text _builder_version=&#8220;4.10.6&#8243; _module_preset=&#8220;default&#8220; text_font_size=&#8220;17px&#8220; text_line_height=&#8220;1.6em&#8220; custom_margin=&#8220;-3px||25px|||&#8220; hover_enabled=&#8220;0&#8243; global_colors_info=&#8220;{}&#8220; sticky_enabled=&#8220;0&#8243;]<\/p>\n<p>Die Fische und Schalentiere f\u00fcr unsere Auktionen kommen per Boot oder LKW. Wenn es morgens eintrifft, pr\u00fcfen wir die Qualit\u00e4t und nehmen vor der Auktion eine Einstufung vor. F\u00fcllen Sie es bei Bedarf mit Eis.<\/p>\n<p>Vor der Auktion werden die Fischkisten vom Lieferanten, dem Boot, geordnet. W\u00e4hrend der laufenden Auktion erh\u00e4lt jeder K\u00e4ufer einen individuellen Zettel, der genau auf die gekaufte Box gelegt wird. Diese Notiz enth\u00e4lt alle Informationen \u00fcber den Fisch und wer den Fisch geliefert hat.<\/p>\n<p>Wenn die Auktion beendet ist, beginnt die Aufgabe, den verkauften Fisch dem richtigen K\u00e4ufer zuzuordnen. Jede von uns gelieferte Palette ist mit Eis gef\u00fcllt und wir plastikieren die Palette zur Stabilit\u00e4t und damit der Luftstrom aus dem K\u00fchlsystem des Autos das Eis nicht entfernt.<br \/>Aus Sm\u00f6gen exportierte Flusskrebse werden in ein Nachhaltigkeitsbad getaucht, um den Transport nach Europa zu bew\u00e4ltigen.<\/p>\n<p>[\/et_pb_text][\/et_pb_column][et_pb_column type=&#8220;1_2&#8243; _builder_version=&#8220;4.5.1&#8243; _module_preset=&#8220;default&#8220; global_colors_info=&#8220;{}&#8220;][et_pb_image src=&#8220;https:\/\/svenskafiskauktioner.se\/wp-content\/uploads\/2020\/09\/IMG_1866.jpg&#8220; title_text=&#8220;IMG_1866&#8243; _builder_version=&#8220;4.6.0&#8243; _module_preset=&#8220;default&#8220; min_height=&#8220;304px&#8220; custom_margin=&#8220;-1px|||||&#8220; custom_padding=&#8220;0px|||||&#8220; border_radii=&#8220;on|4px|4px|4px|4px&#8220; global_colors_info=&#8220;{}&#8220;][\/et_pb_image][\/et_pb_column][\/et_pb_row][\/et_pb_section][et_pb_section fb_built=&#8220;1&#8243; _builder_version=&#8220;4.6.0&#8243; _module_preset=&#8220;default&#8220; custom_margin=&#8220;12px|||||&#8220; custom_padding=&#8220;55px|||||&#8220; bottom_divider_style=&#8220;wave2&#8243; bottom_divider_color=&#8220;rgba(0,63,122,0.49)&#8220; global_colors_info=&#8220;{}&#8220;][\/et_pb_section][et_pb_section fb_built=&#8220;1&#8243; _builder_version=&#8220;4.5.1&#8243; _module_preset=&#8220;default&#8220; background_color=&#8220;#f4f4f4&#8243; use_background_color_gradient=&#8220;on&#8220; background_color_gradient_start=&#8220;#ffffff&#8220; background_color_gradient_end=&#8220;rgba(0,0,0,0)&#8220; background_color_gradient_direction=&#8220;179deg&#8220; background_color_gradient_start_position=&#8220;100%&#8220; background_color_gradient_end_position=&#8220;22%&#8220; background_enable_image=&#8220;off&#8220; custom_margin=&#8220;-2px|||||&#8220; custom_padding=&#8220;17px||17px||true|&#8220; global_colors_info=&#8220;{}&#8220;][et_pb_row column_structure=&#8220;1_6,1_6,1_6,1_6,1_6,1_6&#8243; _builder_version=&#8220;4.5.1&#8243; _module_preset=&#8220;default&#8220; global_colors_info=&#8220;{}&#8220;][et_pb_column type=&#8220;1_6&#8243; _builder_version=&#8220;4.5.1&#8243; _module_preset=&#8220;default&#8220; global_colors_info=&#8220;{}&#8220;][et_pb_image src=&#8220;https:\/\/svenskafiskauktioner.se\/wp-content\/uploads\/2020\/08\/smogenrakor.jpg&#8220; title_text=&#8220;smogenrakor&#8220; _builder_version=&#8220;4.5.1&#8243; _module_preset=&#8220;default&#8220; global_colors_info=&#8220;{}&#8220;][\/et_pb_image][\/et_pb_column][et_pb_column type=&#8220;1_6&#8243; _builder_version=&#8220;4.5.1&#8243; _module_preset=&#8220;default&#8220; global_colors_info=&#8220;{}&#8220;][et_pb_image src=&#8220;https:\/\/svenskafiskauktioner.se\/wp-content\/uploads\/2020\/07\/logo-webbstart.png&#8220; title_text=&#8220;logo-webbstart&#8220; _builder_version=&#8220;4.5.1&#8243; _module_preset=&#8220;default&#8220; width=&#8220;83%&#8220; global_colors_info=&#8220;{}&#8220;][\/et_pb_image][\/et_pb_column][et_pb_column type=&#8220;1_6&#8243; _builder_version=&#8220;4.5.1&#8243; _module_preset=&#8220;default&#8220; global_colors_info=&#8220;{}&#8220;][et_pb_image src=&#8220;https:\/\/svenskafiskauktioner.se\/wp-content\/uploads\/2020\/08\/logo-sthlm-krafta.jpg&#8220; title_text=&#8220;logo-sthlm-krafta&#8220; _builder_version=&#8220;4.5.1&#8243; _module_preset=&#8220;default&#8220; width=&#8220;100%&#8220; max_width=&#8220;100%&#8220; custom_padding=&#8220;||17px|||&#8220; global_colors_info=&#8220;{}&#8220;][\/et_pb_image][\/et_pb_column][et_pb_column type=&#8220;1_6&#8243; _builder_version=&#8220;4.5.1&#8243; _module_preset=&#8220;default&#8220; global_colors_info=&#8220;{}&#8220;][et_pb_image src=&#8220;https:\/\/svenskafiskauktioner.se\/wp-content\/uploads\/2020\/09\/logo-smagen2.png&#8220; title_text=&#8220;logo-smagen2&#8243; _builder_version=&#8220;4.6.0&#8243; _module_preset=&#8220;default&#8220; width=&#8220;97%&#8220; global_colors_info=&#8220;{}&#8220;][\/et_pb_image][\/et_pb_column][et_pb_column type=&#8220;1_6&#8243; _builder_version=&#8220;4.5.1&#8243; _module_preset=&#8220;default&#8220; global_colors_info=&#8220;{}&#8220;][et_pb_image src=&#8220;https:\/\/svenskafiskauktioner.se\/wp-content\/uploads\/2020\/08\/smogenkraftor.jpg&#8220; title_text=&#8220;smogenkraftor&#8220; _builder_version=&#8220;4.5.1&#8243; _module_preset=&#8220;default&#8220; global_colors_info=&#8220;{}&#8220;][\/et_pb_image][\/et_pb_column][et_pb_column type=&#8220;1_6&#8243; _builder_version=&#8220;4.5.1&#8243; _module_preset=&#8220;default&#8220; global_colors_info=&#8220;{}&#8220;][et_pb_image src=&#8220;https:\/\/svenskafiskauktioner.se\/wp-content\/uploads\/2020\/09\/Svensk-gos__staende.png&#8220; title_text=&#8220;Svensk-gos__staende&#8220; _builder_version=&#8220;4.6.0&#8243; _module_preset=&#8220;default&#8220; global_colors_info=&#8220;{}&#8220;][\/et_pb_image][\/et_pb_column][\/et_pb_row][\/et_pb_section]<\/p>\n","protected":false},"excerpt":{"rendered":"<p>VerwaltungVerwaltungDie Fische und Schalentiere f\u00fcr unsere Auktionen kommen per Boot oder LKW. Wenn es morgens eintrifft, pr\u00fcfen wir die Qualit\u00e4t und nehmen vor der Auktion eine Einstufung vor. F\u00fcllen Sie es bei Bedarf mit Eis. Vor der Auktion werden die Fischkisten vom Lieferanten, dem Boot, geordnet. W\u00e4hrend der laufenden Auktion erh\u00e4lt jeder K\u00e4ufer einen individuellen [&hellip;]<\/p>\n","protected":false},"author":2,"featured_media":0,"parent":3039,"menu_order":2,"comment_status":"closed","ping_status":"closed","template":"","meta":{"_acf_changed":false,"_et_pb_use_builder":"on","_et_pb_old_content":"","_et_gb_content_width":"","footnotes":""},"class_list":["post-3035","page","type-page","status-publish","hentry"],"acf":[],"_links":{"self":[{"href":"https:\/\/svenskafiskauktioner.se\/de\/wp-json\/wp\/v2\/pages\/3035","targetHints":{"allow":["GET"]}}],"collection":[{"href":"https:\/\/svenskafiskauktioner.se\/de\/wp-json\/wp\/v2\/pages"}],"about":[{"href":"https:\/\/svenskafiskauktioner.se\/de\/wp-json\/wp\/v2\/types\/page"}],"author":[{"embeddable":true,"href":"https:\/\/svenskafiskauktioner.se\/de\/wp-json\/wp\/v2\/users\/2"}],"replies":[{"embeddable":true,"href":"https:\/\/svenskafiskauktioner.se\/de\/wp-json\/wp\/v2\/comments?post=3035"}],"version-history":[{"count":7,"href":"https:\/\/svenskafiskauktioner.se\/de\/wp-json\/wp\/v2\/pages\/3035\/revisions"}],"predecessor-version":[{"id":3301,"href":"https:\/\/svenskafiskauktioner.se\/de\/wp-json\/wp\/v2\/pages\/3035\/revisions\/3301"}],"up":[{"embeddable":true,"href":"https:\/\/svenskafiskauktioner.se\/de\/wp-json\/wp\/v2\/pages\/3039"}],"wp:attachment":[{"href":"https:\/\/svenskafiskauktioner.se\/de\/wp-json\/wp\/v2\/media?parent=3035"}],"curies":[{"name":"wp","href":"https:\/\/api.w.org\/{rel}","templated":true}]}}