{"id":3083,"date":"2021-09-03T07:55:08","date_gmt":"2021-09-03T07:55:08","guid":{"rendered":"https:\/\/svenskafiskauktioner.se\/kunder\/gebuehren-kunden\/"},"modified":"2026-02-27T07:59:35","modified_gmt":"2026-02-27T07:59:35","slug":"gebuehren-kunden","status":"publish","type":"page","link":"https:\/\/svenskafiskauktioner.se\/de\/kunder\/gebuehren-kunden\/","title":{"rendered":"GEB\u00dcHREN KUNDEN"},"content":{"rendered":"<p>[et_pb_section fb_built=&#8220;1&#8243; next_background_color=&#8220;#FFFFFF&#8220; admin_label=&#8220;Header&#8220; _builder_version=&#8220;4.16&#8243; background_color=&#8220;#34545a&#8220; background_image=&#8220;https:\/\/svenskafiskauktioner.se\/wp-content\/uploads\/2020\/09\/hjalmaren2.jpg&#8220; custom_margin=&#8220;||-2px||false|&#8220; custom_padding=&#8220;11vw||11vw||true|false&#8220; bottom_divider_style=&#8220;curve&#8220; bottom_divider_height=&#8220;6vw&#8220; global_colors_info=&#8220;{}&#8220;][et_pb_row _builder_version=&#8220;4.16&#8243; background_color=&#8220;rgba(0,39,99,0.47)&#8220; background_enable_image=&#8220;off&#8220; background_size=&#8220;contain&#8220; custom_padding=&#8220;||16px|||&#8220; animation_style=&#8220;zoom&#8220; animation_intensity_zoom=&#8220;10%&#8220; border_radii=&#8220;on|5px|5px|5px|5px&#8220; global_colors_info=&#8220;{}&#8220;][et_pb_column type=&#8220;4_4&#8243; _builder_version=&#8220;4.16&#8243; custom_padding=&#8220;|||&#8220; global_colors_info=&#8220;{}&#8220; custom_padding__hover=&#8220;|||&#8220;][et_pb_text _builder_version=&#8220;4.16&#8243; text_font=&#8220;||||||||&#8220; header_font=&#8220;Montserrat|500||on|||||&#8220; header_font_size=&#8220;18px&#8220; header_letter_spacing=&#8220;5px&#8220; header_line_height=&#8220;1.5em&#8220; header_2_font=&#8220;Merriweather|||on|||||&#8220; header_2_font_size=&#8220;52px&#8220; header_2_letter_spacing=&#8220;5px&#8220; header_2_line_height=&#8220;1.4em&#8220; text_orientation=&#8220;center&#8220; background_layout=&#8220;dark&#8220; header_font_size_tablet=&#8220;&#8220; header_font_size_phone=&#8220;12px&#8220; header_font_size_last_edited=&#8220;on|desktop&#8220; header_2_font_size_tablet=&#8220;50px&#8220; header_2_font_size_phone=&#8220;30px&#8220; header_2_font_size_last_edited=&#8220;on|desktop&#8220; global_colors_info=&#8220;{}&#8220;]<\/p>\n<h2>GEB\u00dcHREN KUNDEN<\/h2>\n<p>[\/et_pb_text][\/et_pb_column][\/et_pb_row][\/et_pb_section][et_pb_section fb_built=&#8220;1&#8243; _builder_version=&#8220;4.16&#8243; _module_preset=&#8220;default&#8220; background_color=&#8220;#FFFFFF&#8220; min_height=&#8220;268px&#8220; custom_margin=&#8220;10px|||||&#8220; custom_padding=&#8220;207px||165px||false|false&#8220; bottom_divider_style=&#8220;wave2&#8243; bottom_divider_color=&#8220;rgba(0,63,122,0.49)&#8220; global_colors_info=&#8220;{}&#8220;][et_pb_row column_structure=&#8220;1_2,1_2&#8243; _builder_version=&#8220;4.16&#8243; _module_preset=&#8220;default&#8220; min_height=&#8220;108.4px&#8220; custom_margin=&#8220;-157px|auto||auto||&#8220; custom_padding=&#8220;27px|||||&#8220; global_colors_info=&#8220;{}&#8220;][et_pb_column type=&#8220;1_2&#8243; _builder_version=&#8220;4.16&#8243; _module_preset=&#8220;default&#8220; global_colors_info=&#8220;{}&#8220;][et_pb_text _builder_version=&#8220;4.16&#8243; _module_preset=&#8220;default&#8220; text_font=&#8220;|600|||||||&#8220; text_font_size=&#8220;16px&#8220; header_2_font=&#8220;Merriweather|700|||||||&#8220; header_2_text_align=&#8220;center&#8220; header_2_text_color=&#8220;#FFFFFF&#8220; header_2_font_size=&#8220;30px&#8220; header_2_line_height=&#8220;1.3em&#8220; background_color=&#8220;rgba(0,39,99,0.47)&#8220; text_orientation=&#8220;center&#8220; custom_margin=&#8220;0px||||false|false&#8220; custom_padding=&#8220;25px||20px||false|false&#8220; header_2_font_size_tablet=&#8220;&#8220; header_2_font_size_phone=&#8220;28px&#8220; header_2_font_size_last_edited=&#8220;on|phone&#8220; border_radii=&#8220;on|4px|4px|4px|4px&#8220; box_shadow_style=&#8220;preset3&#8243; box_shadow_spread=&#8220;-18px&#8220; global_colors_info=&#8220;{}&#8220;]<\/p>\n<h2>Geb\u00fchren Sm\u00f6gen<\/h2>\n<p>[\/et_pb_text][et_pb_text _builder_version=&#8220;4.16&#8243; _module_preset=&#8220;default&#8220; custom_margin=&#8220;||11px|||&#8220; global_colors_info=&#8220;{}&#8220;]<\/p>\n<h4 style=\"text-align: center;\"><strong>Schweden<\/strong><\/h4>\n<p>[\/et_pb_text][et_pb_text _builder_version=&#8220;4.27.5&#8243; _module_preset=&#8220;default&#8220; text_font_size=&#8220;15px&#8220; global_colors_info=&#8220;{}&#8220;]<\/p>\n<table width=\"280\" height=\"28\">\n<tbody>\n<tr>\n<td style=\"width: 132px;\">Transport Stockholm<\/td>\n<td style=\"width: 132px;\">5,75 SEK\/kg<\/td>\n<\/tr>\n<tr>\n<td style=\"width: 132px;\">Transport G\u00f6teborg<\/td>\n<td style=\"width: 132px;\">2,75 SEK\/kg<\/td>\n<\/tr>\n<tr>\n<td style=\"width: 132px;\">Kistenmiete f\u00fcr die ersten 14 Tage<\/td>\n<td style=\"width: 132px;\">8,75 SEK<\/td>\n<\/tr>\n<tr>\n<td style=\"width: 132px;\">Auktionskosten<\/td>\n<td style=\"width: 132px;\">0,5 %<\/td>\n<\/tr>\n<\/tbody>\n<\/table>\n<p><em>Der Transportpreis beinhaltet das Folieren und Vereisen der Fischkisten.<\/em><\/p>\n<p>[\/et_pb_text][et_pb_text _builder_version=&#8220;4.16&#8243; _module_preset=&#8220;default&#8220; custom_margin=&#8220;0px||7px||false|false&#8220; custom_padding=&#8220;25px||||false|false&#8220; global_colors_info=&#8220;{}&#8220;]<\/p>\n<h4 style=\"text-align: center;\"><strong>Europa<\/strong><\/h4>\n<p>[\/et_pb_text][et_pb_text _builder_version=&#8220;4.27.6&#8243; _module_preset=&#8220;default&#8220; text_font_size=&#8220;15px&#8220; custom_padding_tablet=&#8220;&#8220; custom_padding_phone=&#8220;0px||20px||false|false&#8220; custom_padding_last_edited=&#8220;on|phone&#8220; hover_enabled=&#8220;0&#8243; global_colors_info=&#8220;{}&#8220; sticky_enabled=&#8220;0&#8243;]<\/p>\n<table width=\"280\" height=\"28\" style=\"height: 162px;\">\n<tbody>\n<tr style=\"height: 23px;\">\n<td style=\"width: 128.837px; height: 23px;\"><strong><em>Transporter<\/em><\/strong><\/td>\n<td style=\"width: 136.363px; height: 23px;\"><\/td>\n<\/tr>\n<tr style=\"height: 47px;\">\n<td style=\"width: 128.837px; height: 47px;\">Niederlande Nord<\/td>\n<td style=\"width: 136.363px; height: 47px;\">1,40 \u20ac\/kg<\/td>\n<\/tr>\n<tr>\n<td style=\"width: 128.837px;\">Niederlande S\u00fcd<\/td>\n<td style=\"width: 136.363px;\">1,46 \u20ac\/kg<\/td>\n<\/tr>\n<tr style=\"height: 23px;\">\n<td style=\"width: 128.837px; height: 23px;\">Belgien<\/td>\n<td style=\"width: 136.363px; height: 23px;\">1,47 \u20ac\/kg<\/td>\n<\/tr>\n<tr style=\"height: 23px;\">\n<td style=\"width: 128.837px; height: 23px;\">Deutschland<\/td>\n<td style=\"width: 136.363px; height: 23px;\">1,33 \u20ac\/kg<\/td>\n<\/tr>\n<tr style=\"height: 23px;\">\n<td style=\"width: 128.837px; height: 23px;\">Frankreich<\/td>\n<td style=\"width: 136.363px; height: 23px;\">1,50 \u20ac\/kg<\/td>\n<\/tr>\n<tr>\n<td style=\"width: 128.837px;\">Spanien<\/td>\n<td style=\"width: 136.363px;\">1,95 \u20ac\/kg<\/td>\n<\/tr>\n<tr>\n<td style=\"width: 128.837px;\">UK<\/td>\n<td style=\"width: 136.363px;\">1,95 \u20ac\/kg<\/td>\n<\/tr>\n<tr style=\"height: 23px;\">\n<td style=\"width: 128.837px; height: 23px;\">Konservierung der Krebse<\/td>\n<td style=\"width: 136.363px; height: 23px;\">0,35 \u20ac\/kg<\/td>\n<\/tr>\n<\/tbody>\n<\/table>\n<p><em>Der Transportpreis beinhaltet Folieren, Vereisung und Miete f\u00fcr die ersten 14 Tage der Fischkisten.<\/em><\/p>\n<p>[\/et_pb_text][\/et_pb_column][et_pb_column type=&#8220;1_2&#8243; _builder_version=&#8220;4.16&#8243; _module_preset=&#8220;default&#8220; global_colors_info=&#8220;{}&#8220;][et_pb_text _builder_version=&#8220;4.16&#8243; _module_preset=&#8220;default&#8220; text_font=&#8220;|600|||||||&#8220; text_font_size=&#8220;16px&#8220; header_2_font=&#8220;Merriweather|700|||||||&#8220; header_2_text_align=&#8220;center&#8220; header_2_text_color=&#8220;#FFFFFF&#8220; header_2_font_size=&#8220;30px&#8220; header_2_line_height=&#8220;1.3em&#8220; background_color=&#8220;rgba(0,39,99,0.47)&#8220; text_orientation=&#8220;center&#8220; custom_margin=&#8220;0px||||false|false&#8220; custom_padding=&#8220;25px||20px||false|false&#8220; header_2_font_size_tablet=&#8220;&#8220; header_2_font_size_phone=&#8220;28px&#8220; header_2_font_size_last_edited=&#8220;on|phone&#8220; border_radii=&#8220;on|4px|4px|4px|4px&#8220; box_shadow_style=&#8220;preset3&#8243; box_shadow_spread=&#8220;-18px&#8220; global_colors_info=&#8220;{}&#8220;]<\/p>\n<h2>Geb\u00fchren Stockholm<\/h2>\n<p>[\/et_pb_text][et_pb_text _builder_version=&#8220;4.16&#8243; _module_preset=&#8220;default&#8220; custom_margin=&#8220;||10px|||&#8220; global_colors_info=&#8220;{}&#8220;]<\/p>\n<h4 style=\"text-align: center;\"><strong>Schweden<\/strong><\/h4>\n<p>[\/et_pb_text][et_pb_text _builder_version=&#8220;4.27.5&#8243; _module_preset=&#8220;default&#8220; text_font_size=&#8220;15px&#8220; min_height=&#8220;205px&#8220; global_colors_info=&#8220;{}&#8220;]<\/p>\n<table width=\"280\" height=\"28\">\n<tbody>\n<tr>\n<td style=\"width: 132px;\"><\/td>\n<td style=\"width: 132px;\"><\/td>\n<\/tr>\n<tr>\n<td style=\"width: 132px;\">Transport Sm\u00f6gen<\/td>\n<td style=\"width: 132px;\">5,25 SEK\/kg +DMT<\/td>\n<\/tr>\n<tr>\n<td style=\"width: 132px;\"><span>Kistenmiete f\u00fcr die ersten 14 Tage<\/span><\/td>\n<td style=\"width: 132px;\">15,52 SEK\/st<\/td>\n<\/tr>\n<tr>\n<td style=\"width: 132px;\">Auktionskosten<\/td>\n<td style=\"width: 132px;\">0,5 %<\/td>\n<\/tr>\n<\/tbody>\n<\/table>\n<p><em>Der Transportpreis beinhaltet das Folieren und Vereisen der Fischkisten.<\/em><\/p>\n<p>[\/et_pb_text][et_pb_text _builder_version=&#8220;4.16&#8243; _module_preset=&#8220;default&#8220; custom_margin=&#8220;14px||8px|||&#8220; custom_padding=&#8220;25px||0px||false|false&#8220; global_colors_info=&#8220;{}&#8220;]<\/p>\n<h4 style=\"text-align: center;\"><strong>Europa<\/strong><\/h4>\n<p>[\/et_pb_text][et_pb_text _builder_version=&#8220;4.27.6&#8243; _module_preset=&#8220;default&#8220; text_font_size=&#8220;15px&#8220; hover_enabled=&#8220;0&#8243; global_colors_info=&#8220;{}&#8220; sticky_enabled=&#8220;0&#8243;]<\/p>\n<table width=\"280\" height=\"28\">\n<tbody>\n<tr>\n<td style=\"width: 142.062px;\"><strong><em>Transporter<\/em><\/strong><\/td>\n<td style=\"width: 123.938px;\"><\/td>\n<\/tr>\n<tr>\n<td style=\"width: 142.062px;\">Niederlande Norra<\/td>\n<td style=\"width: 123.938px;\">1,63 \u20ac\/kg<\/td>\n<\/tr>\n<tr>\n<td style=\"width: 142.062px;\">Niederlande S\u00f6dra<\/td>\n<td style=\"width: 123.938px;\">1,68 \u20ac\/kg<\/td>\n<\/tr>\n<tr>\n<td style=\"width: 142.062px;\">Belgien<\/td>\n<td style=\"width: 123.938px;\">1,69 \u20ac\/kg<\/td>\n<\/tr>\n<tr>\n<td style=\"width: 142.062px;\">Deutschland<\/td>\n<td style=\"width: 123.938px;\">1,56 \u20ac\/kg<\/td>\n<\/tr>\n<tr>\n<td style=\"width: 142.062px;\">Frankreich<\/td>\n<td style=\"width: 123.938px;\">1,73 \u20ac\/kg<\/td>\n<\/tr>\n<tr>\n<td style=\"width: 142.062px;\">Spanien<\/td>\n<td style=\"width: 123.938px;\">2,18 \u20ac\/kg<\/td>\n<\/tr>\n<tr>\n<td style=\"width: 142.062px;\">UK<\/td>\n<td style=\"width: 123.938px;\">2,18 \u20ac\/kg<\/td>\n<\/tr>\n<\/tbody>\n<\/table>\n<p><em>Der Transportpreis beinhaltet Folieren, Vereisung und Miete f\u00fcr die ersten 14 Tage der Fischkisten.<\/em><\/p>\n<p>[\/et_pb_text][\/et_pb_column][\/et_pb_row][\/et_pb_section][et_pb_section fb_built=&#8220;1&#8243; _builder_version=&#8220;4.16&#8243; _module_preset=&#8220;default&#8220; background_color=&#8220;#f4f4f4&#8243; use_background_color_gradient=&#8220;on&#8220; background_color_gradient_direction=&#8220;179deg&#8220; background_color_gradient_stops=&#8220;#ffffff 100%|rgba(0,0,0,0) 100%&#8220; background_color_gradient_start=&#8220;#ffffff&#8220; background_color_gradient_start_position=&#8220;100%&#8220; background_color_gradient_end=&#8220;rgba(0,0,0,0)&#8220; background_color_gradient_end_position=&#8220;22%&#8220; background_enable_image=&#8220;off&#8220; custom_margin=&#8220;-2px|||||&#8220; custom_padding=&#8220;19px||19px||true|&#8220; global_colors_info=&#8220;{}&#8220;][et_pb_row column_structure=&#8220;1_6,1_6,1_6,1_6,1_6,1_6&#8243; _builder_version=&#8220;4.16&#8243; _module_preset=&#8220;default&#8220; global_colors_info=&#8220;{}&#8220;][et_pb_column type=&#8220;1_6&#8243; _builder_version=&#8220;4.16&#8243; _module_preset=&#8220;default&#8220; global_colors_info=&#8220;{}&#8220;][et_pb_image src=&#8220;https:\/\/svenskafiskauktioner.se\/wp-content\/uploads\/2020\/08\/smogenrakor.jpg&#8220; title_text=&#8220;smogenrakor&#8220; _builder_version=&#8220;4.16&#8243; _module_preset=&#8220;default&#8220; global_colors_info=&#8220;{}&#8220;][\/et_pb_image][\/et_pb_column][et_pb_column type=&#8220;1_6&#8243; _builder_version=&#8220;4.16&#8243; _module_preset=&#8220;default&#8220; global_colors_info=&#8220;{}&#8220;][et_pb_image src=&#8220;https:\/\/svenskafiskauktioner.se\/wp-content\/uploads\/2020\/07\/logo-webbstart.png&#8220; title_text=&#8220;logo-webbstart&#8220; _builder_version=&#8220;4.16&#8243; _module_preset=&#8220;default&#8220; width=&#8220;83%&#8220; global_colors_info=&#8220;{}&#8220;][\/et_pb_image][\/et_pb_column][et_pb_column type=&#8220;1_6&#8243; _builder_version=&#8220;4.16&#8243; _module_preset=&#8220;default&#8220; global_colors_info=&#8220;{}&#8220;][et_pb_image src=&#8220;https:\/\/svenskafiskauktioner.se\/wp-content\/uploads\/2020\/08\/logo-sthlm-krafta.jpg&#8220; title_text=&#8220;logo-sthlm-krafta&#8220; _builder_version=&#8220;4.16&#8243; _module_preset=&#8220;default&#8220; width=&#8220;100%&#8220; max_width=&#8220;100%&#8220; custom_padding=&#8220;||17px|||&#8220; global_colors_info=&#8220;{}&#8220;][\/et_pb_image][\/et_pb_column][et_pb_column type=&#8220;1_6&#8243; _builder_version=&#8220;4.16&#8243; _module_preset=&#8220;default&#8220; global_colors_info=&#8220;{}&#8220;][et_pb_image src=&#8220;https:\/\/svenskafiskauktioner.se\/wp-content\/uploads\/2020\/09\/logo-smagen2.png&#8220; title_text=&#8220;logo-smagen2&#8243; _builder_version=&#8220;4.16&#8243; _module_preset=&#8220;default&#8220; width=&#8220;97%&#8220; global_colors_info=&#8220;{}&#8220;][\/et_pb_image][\/et_pb_column][et_pb_column type=&#8220;1_6&#8243; _builder_version=&#8220;4.16&#8243; _module_preset=&#8220;default&#8220; global_colors_info=&#8220;{}&#8220;][et_pb_image src=&#8220;https:\/\/svenskafiskauktioner.se\/wp-content\/uploads\/2020\/08\/smogenkraftor.jpg&#8220; title_text=&#8220;smogenkraftor&#8220; _builder_version=&#8220;4.16&#8243; _module_preset=&#8220;default&#8220; global_colors_info=&#8220;{}&#8220;][\/et_pb_image][\/et_pb_column][et_pb_column type=&#8220;1_6&#8243; _builder_version=&#8220;4.16&#8243; _module_preset=&#8220;default&#8220; global_colors_info=&#8220;{}&#8220;][et_pb_image src=&#8220;https:\/\/svenskafiskauktioner.se\/wp-content\/uploads\/2020\/09\/Svensk-gos__staende.png&#8220; title_text=&#8220;Svensk-gos__staende&#8220; _builder_version=&#8220;4.16&#8243; _module_preset=&#8220;default&#8220; global_colors_info=&#8220;{}&#8220;][\/et_pb_image][\/et_pb_column][\/et_pb_row][\/et_pb_section]<\/p>\n","protected":false},"excerpt":{"rendered":"<p>GEB\u00dcHREN KUNDENGeb\u00fchren Sm\u00f6genSchweden Transport Stockholm 5,75 SEK\/kg Transport G\u00f6teborg 2,75 SEK\/kg Kistenmiete f\u00fcr die ersten 14 Tage 8,75 SEK Auktionskosten 0,5 % Der Transportpreis beinhaltet das Folieren und Vereisen der Fischkisten.Europa Transporter Niederlande Nord 1,40 \u20ac\/kg Niederlande S\u00fcd 1,46 \u20ac\/kg Belgien 1,47 \u20ac\/kg Deutschland 1,33 \u20ac\/kg Frankreich 1,50 \u20ac\/kg Spanien 1,95 \u20ac\/kg UK 1,95 \u20ac\/kg [&hellip;]<\/p>\n","protected":false},"author":2,"featured_media":0,"parent":3045,"menu_order":0,"comment_status":"closed","ping_status":"closed","template":"","meta":{"_acf_changed":false,"_et_pb_use_builder":"on","_et_pb_old_content":"","_et_gb_content_width":"","footnotes":""},"class_list":["post-3083","page","type-page","status-publish","hentry"],"acf":[],"_links":{"self":[{"href":"https:\/\/svenskafiskauktioner.se\/de\/wp-json\/wp\/v2\/pages\/3083","targetHints":{"allow":["GET"]}}],"collection":[{"href":"https:\/\/svenskafiskauktioner.se\/de\/wp-json\/wp\/v2\/pages"}],"about":[{"href":"https:\/\/svenskafiskauktioner.se\/de\/wp-json\/wp\/v2\/types\/page"}],"author":[{"embeddable":true,"href":"https:\/\/svenskafiskauktioner.se\/de\/wp-json\/wp\/v2\/users\/2"}],"replies":[{"embeddable":true,"href":"https:\/\/svenskafiskauktioner.se\/de\/wp-json\/wp\/v2\/comments?post=3083"}],"version-history":[{"count":13,"href":"https:\/\/svenskafiskauktioner.se\/de\/wp-json\/wp\/v2\/pages\/3083\/revisions"}],"predecessor-version":[{"id":4506,"href":"https:\/\/svenskafiskauktioner.se\/de\/wp-json\/wp\/v2\/pages\/3083\/revisions\/4506"}],"up":[{"embeddable":true,"href":"https:\/\/svenskafiskauktioner.se\/de\/wp-json\/wp\/v2\/pages\/3045"}],"wp:attachment":[{"href":"https:\/\/svenskafiskauktioner.se\/de\/wp-json\/wp\/v2\/media?parent=3083"}],"curies":[{"name":"wp","href":"https:\/\/api.w.org\/{rel}","templated":true}]}}