{"id":3138,"date":"2021-09-03T09:03:14","date_gmt":"2021-09-03T09:03:14","guid":{"rendered":"https:\/\/svenskafiskauktioner.se\/fischlieferanten\/neue-lieferanten\/"},"modified":"2022-07-04T04:35:02","modified_gmt":"2022-07-04T04:35:02","slug":"neue-lieferanten","status":"publish","type":"page","link":"https:\/\/svenskafiskauktioner.se\/de\/fischlieferanten\/neue-lieferanten\/","title":{"rendered":"NEUE LIEFERANTEN"},"content":{"rendered":"<p>[et_pb_section fb_built=&#8220;1&#8243; next_background_color=&#8220;#ffffff&#8220; admin_label=&#8220;Header&#8220; _builder_version=&#8220;4.16&#8243; background_color=&#8220;#34545a&#8220; background_image=&#8220;https:\/\/svenskafiskauktioner.se\/wp-content\/uploads\/2020\/11\/bild-nyalev.jpg&#8220; custom_margin=&#8220;||||false&#8220; custom_padding=&#8220;11vw||11vw||true|false&#8220; bottom_divider_style=&#8220;curve&#8220; bottom_divider_height=&#8220;6vw&#8220; global_colors_info=&#8220;{}&#8220;][et_pb_row _builder_version=&#8220;4.16&#8243; background_color=&#8220;rgba(0,39,99,0.7)&#8220; background_enable_image=&#8220;off&#8220; background_size=&#8220;contain&#8220; custom_padding=&#8220;||16px|||&#8220; animation_style=&#8220;zoom&#8220; animation_intensity_zoom=&#8220;10%&#8220; border_radii=&#8220;on|5px|5px|5px|5px&#8220; global_colors_info=&#8220;{}&#8220;][et_pb_column type=&#8220;4_4&#8243; _builder_version=&#8220;4.16&#8243; custom_padding=&#8220;|||&#8220; global_colors_info=&#8220;{}&#8220; custom_padding__hover=&#8220;|||&#8220;][et_pb_text _builder_version=&#8220;4.16&#8243; text_font=&#8220;||||||||&#8220; header_font=&#8220;Montserrat|500||on|||||&#8220; header_font_size=&#8220;18px&#8220; header_letter_spacing=&#8220;5px&#8220; header_line_height=&#8220;1.5em&#8220; header_2_font=&#8220;Merriweather|||on|||||&#8220; header_2_font_size=&#8220;52px&#8220; header_2_letter_spacing=&#8220;5px&#8220; header_2_line_height=&#8220;1.4em&#8220; text_orientation=&#8220;center&#8220; background_layout=&#8220;dark&#8220; header_font_size_tablet=&#8220;&#8220; header_font_size_phone=&#8220;12px&#8220; header_font_size_last_edited=&#8220;on|desktop&#8220; header_2_font_size_tablet=&#8220;44px&#8220; header_2_font_size_phone=&#8220;26px&#8220; header_2_font_size_last_edited=&#8220;on|phone&#8220; global_colors_info=&#8220;{}&#8220;]<\/p>\n<h2>neue lieferanten<\/h2>\n<p>[\/et_pb_text][\/et_pb_column][\/et_pb_row][\/et_pb_section][et_pb_section fb_built=&#8220;1&#8243; _builder_version=&#8220;4.16&#8243; _module_preset=&#8220;default&#8220; custom_padding=&#8220;68px||131px|||&#8220; bottom_divider_color=&#8220;#d6d6d6&#8243; box_shadow_style=&#8220;preset3&#8243; box_shadow_spread=&#8220;-15px&#8220; global_colors_info=&#8220;{}&#8220;][et_pb_row column_structure=&#8220;1_2,1_2&#8243; _builder_version=&#8220;4.16&#8243; _module_preset=&#8220;default&#8220; global_colors_info=&#8220;{}&#8220;][et_pb_column type=&#8220;1_2&#8243; _builder_version=&#8220;4.16&#8243; _module_preset=&#8220;default&#8220; global_colors_info=&#8220;{}&#8220;][et_pb_text _builder_version=&#8220;4.16&#8243; _module_preset=&#8220;default&#8220; text_font=&#8220;|600|||||||&#8220; text_font_size=&#8220;16px&#8220; header_2_font=&#8220;Merriweather|700|||||||&#8220; header_2_text_align=&#8220;center&#8220; header_2_text_color=&#8220;#5e5e5e&#8220; header_2_font_size=&#8220;30px&#8220; header_2_line_height=&#8220;1.3em&#8220; background_color=&#8220;#f4f4f4&#8243; text_orientation=&#8220;center&#8220; custom_margin=&#8220;0px||||false|false&#8220; custom_padding=&#8220;25px||20px||false|false&#8220; link_option_url=&#8220;#smogen&#8220; header_2_font_size_tablet=&#8220;30px&#8220; header_2_font_size_phone=&#8220;28px&#8220; header_2_font_size_last_edited=&#8220;on|phone&#8220; border_radii=&#8220;on|4px|4px|4px|4px&#8220; box_shadow_style=&#8220;preset3&#8243; box_shadow_spread=&#8220;-13px&#8220; global_colors_info=&#8220;{}&#8220;]<\/p>\n<h2>Neue lieferanten Sm\u00f6gen<\/h2>\n<p>L\u00e4s mer &gt;<\/p>\n<p>[\/et_pb_text][\/et_pb_column][et_pb_column type=&#8220;1_2&#8243; _builder_version=&#8220;4.16&#8243; _module_preset=&#8220;default&#8220; global_colors_info=&#8220;{}&#8220;][et_pb_text _builder_version=&#8220;4.16&#8243; _module_preset=&#8220;default&#8220; text_font=&#8220;|600|||||||&#8220; text_font_size=&#8220;16px&#8220; header_2_font=&#8220;Merriweather|700|||||||&#8220; header_2_text_align=&#8220;center&#8220; header_2_text_color=&#8220;#5e5e5e&#8220; header_2_font_size=&#8220;30px&#8220; header_2_line_height=&#8220;1.3em&#8220; background_color=&#8220;#f4f4f4&#8243; text_orientation=&#8220;center&#8220; custom_margin=&#8220;0px||||false|false&#8220; custom_padding=&#8220;25px||20px||false|false&#8220; link_option_url=&#8220;#sthlm&#8220; header_2_font_size_tablet=&#8220;&#8220; header_2_font_size_phone=&#8220;28px&#8220; header_2_font_size_last_edited=&#8220;on|phone&#8220; border_radii=&#8220;on|4px|4px|4px|4px&#8220; box_shadow_style=&#8220;preset3&#8243; box_shadow_spread=&#8220;-13px&#8220; global_colors_info=&#8220;{}&#8220;]<\/p>\n<h2>Neue lieferanten Stockholm<\/h2>\n<p>L\u00e4s mer &gt;<\/p>\n<p>[\/et_pb_text][\/et_pb_column][\/et_pb_row][\/et_pb_section][et_pb_section fb_built=&#8220;1&#8243; admin_label=&#8220;Features&#8220; _builder_version=&#8220;4.16&#8243; width=&#8220;100%&#8220; min_height=&#8220;519px&#8220; custom_margin=&#8220;27px||-4px|||&#8220; custom_padding=&#8220;32px||142px|||&#8220; bottom_divider_style=&#8220;wave2&#8243; bottom_divider_color=&#8220;#d6d6d6&#8243; global_colors_info=&#8220;{}&#8220;][et_pb_row column_structure=&#8220;1_2,1_2&#8243; _builder_version=&#8220;4.16&#8243; _module_preset=&#8220;default&#8220; min_height=&#8220;456px&#8220; custom_padding=&#8220;||0px|||&#8220; global_colors_info=&#8220;{}&#8220;][et_pb_column type=&#8220;1_2&#8243; _builder_version=&#8220;4.16&#8243; _module_preset=&#8220;default&#8220; global_colors_info=&#8220;{}&#8220;][et_pb_text admin_label=&#8220;Link2&#8243; module_id=&#8220;smogen&#8220; _builder_version=&#8220;4.16&#8243; _module_preset=&#8220;default&#8220; header_2_font=&#8220;Merriweather|700|||||||&#8220; header_2_font_size=&#8220;30px&#8220; header_2_line_height=&#8220;1.3em&#8220; custom_margin=&#8220;||16px|||&#8220; header_2_font_size_phone=&#8220;28px&#8220; header_2_font_size_last_edited=&#8220;off|desktop&#8220; global_colors_info=&#8220;{}&#8220;]<\/p>\n<h2>Neue lieferanten Sm\u00f6gen<\/h2>\n<p>[\/et_pb_text][et_pb_text _builder_version=&#8220;4.16&#8243; _module_preset=&#8220;default&#8220; text_font_size=&#8220;17px&#8220; text_line_height=&#8220;1.6em&#8220; custom_margin=&#8220;-3px|||||&#8220; global_colors_info=&#8220;{}&#8220;]<\/p>\n<p><strong>Sie k\u00f6nnen uns Ihren Fang vertrauensvoll \u00fcberlassen <br \/><\/strong>In Sm\u00f6gen beginnt die Auktion an jeden Wochentagmorgen gegen 08:00 Uhr. Wir kooperieren mit DFA und verkaufen unmittelbar nach der Auktion von Hvide Sande. Durch unsere webbasierte Auktion verteilen sich die Kunden nicht nur \u00fcber weite Teile Schwedens, sondern auch in Europa. Dies bedeutet, dass Sie gro\u00dfe Chancen haben, Ihren Fang gut zu verkaufen.<\/p>\n<p><strong>Wo sind Sie?<\/strong><br \/>Sie sind herzlich eingeladen, Ihren Fang zu uns zu bringen, auch wenn Ihr Heimathafen nicht auf Sm\u00f6gen liegt. Dank der guten Logistik k\u00f6nnen wir Ihre Waren versteigern, ganz gleich, ob Sie im V\u00e4nernsee, an der Ostk\u00fcste angeln oder weit entfernt von Sm\u00f6gen fischen.<\/p>\n<p>[\/et_pb_text][\/et_pb_column][et_pb_column type=&#8220;1_2&#8243; _builder_version=&#8220;4.16&#8243; _module_preset=&#8220;default&#8220; global_colors_info=&#8220;{}&#8220;][et_pb_image src=&#8220;https:\/\/svenskafiskauktioner.se\/wp-content\/uploads\/2020\/09\/rakkontroll.jpg&#8220; title_text=&#8220;rakkontroll&#8220; _builder_version=&#8220;4.16&#8243; _module_preset=&#8220;default&#8220; custom_margin=&#8220;3px||20px||false|false&#8220; custom_padding=&#8220;26px|||||&#8220; border_radii=&#8220;on|4px|4px|4px|4px&#8220; box_shadow_style=&#8220;preset3&#8243; box_shadow_spread=&#8220;-13px&#8220; global_colors_info=&#8220;{}&#8220;][\/et_pb_image][et_pb_text _builder_version=&#8220;4.16&#8243; _module_preset=&#8220;default&#8220; global_colors_info=&#8220;{}&#8220;]<\/p>\n<h3 style=\"text-align: center;\"><em><strong><a href=\"https:\/\/svenskafiskauktioner.se\/wp-content\/uploads\/2020\/08\/ny-leverantor.pdf\" target=\"_blank\" rel=\"noopener noreferrer\">Anfrage f\u00fcr neue Lieferanten &gt;<\/a><\/strong><\/em><\/h3>\n<p>[\/et_pb_text][\/et_pb_column][\/et_pb_row][et_pb_row column_structure=&#8220;1_2,1_2&#8243; _builder_version=&#8220;4.16&#8243; _module_preset=&#8220;default&#8220; min_height=&#8220;456px&#8220; custom_padding=&#8220;||0px|||&#8220; global_colors_info=&#8220;{}&#8220;][et_pb_column type=&#8220;1_2&#8243; _builder_version=&#8220;4.16&#8243; _module_preset=&#8220;default&#8220; global_colors_info=&#8220;{}&#8220;][et_pb_text _builder_version=&#8220;4.16&#8243; _module_preset=&#8220;default&#8220; text_text_color=&#8220;#000000&#8243; text_font_size=&#8220;17px&#8220; text_line_height=&#8220;1.6em&#8220; global_colors_info=&#8220;{}&#8220;]<\/p>\n<p><strong>Ben\u00f6tigen Sie unsere Unterst\u00fctzung?<\/strong><br \/>Ben\u00f6tigen Sie mehr Krabbenkisten, eine neue Gasflasche, sch\u00f6ne Etiketten oder Reinigungsmittel? Vielleicht gibt es etwas anderes, bei dem Sie Hilfe brauchen oder w\u00fcnschen? Sprechen Sie uns an, wir k\u00f6nnen die meisten Dinge arrangieren.<\/p>\n<p><strong>Anlandezeiten<\/strong><br \/>Denken Sie daran, dass Sie sp\u00e4testens eine Stunde vor der Auktion anlanden m\u00fcssen. Dies ist besonders an Feiertagen wichtig, wenn die Personal- und Transportm\u00f6glichkeiten eingeschr\u00e4nkt sein k\u00f6nnten. Rechtzeitige Fangmeldungen sind wichtig, insbesondere bei Garnelen.<\/p>\n<p><strong>Die Anmeldung muss sp\u00e4testens bei uns eingehen<\/strong>:<br \/>Am Morgen um 06:00 Uhr unter Tel: +46 523 66 55 44<br \/>oder per E-Mail: info@smogens-fiskauktion.com<\/p>\n<p><strong>Sie m\u00f6chten Ihren Fang \u00fcber uns verkaufen? <br \/><\/strong>Wann, wo k\u00f6nnen sie anlanden?Die Sm\u00f6gener Fischauktion ist montags bis donnerstags von 05:00 &#8211; 13:30 Uhr und freitags von 06:00 &#8211; 12:00 Uhr MEZ besetzt. In diesen Zeiten bekommen Sie Hilfe zum Beispiel beim Abladen Ihres Fangs, beim Kauf von Eis, Salz, Kisten oder beim Wechseln des Gasflasche. Wenn Sie zu einer Zeit an Land kommen, in der die Fischhalle unbemannt ist, k\u00f6nnen Sie mit einem Hafencode einzulaufen und ihre Ladung selbst l\u00f6schen.<\/p>\n<p>Kontaktieren Sie uns unter Tel. +46 (0)523 &#8211; 66 55 44 f\u00fcr weitere Informationen.<\/p>\n<p>&nbsp;<\/p>\n<p>[\/et_pb_text][\/et_pb_column][et_pb_column type=&#8220;1_2&#8243; _builder_version=&#8220;4.16&#8243; _module_preset=&#8220;default&#8220; global_colors_info=&#8220;{}&#8220;][et_pb_text _builder_version=&#8220;4.16&#8243; _module_preset=&#8220;default&#8220; text_font_size=&#8220;17px&#8220; text_line_height=&#8220;1.6em&#8220; custom_margin=&#8220;-3px|||||&#8220; global_colors_info=&#8220;{}&#8220;]<\/p>\n<p><strong>Abholung<\/strong> <br \/>Eine Abholung f\u00fcr Schiffe mit einem Heimathafen in einiger Entfernung von Sm\u00f6gen steht im Rahmen der Auktion bereit. Unser eigener K\u00fchlwagen f\u00e4hrt fast t\u00e4glich an der K\u00fcste entlang und holt Ware ab. Wir holen an folgenden Orten ab, Hamburgsund, Fj\u00e4llbacka und Res\u00f6.<\/p>\n<p>F\u00fcr Informationen zu den Zeiten kontaktieren Sie uns unter Tel. +46 (0)523\u201366 55 44.<\/p>\n<p><strong>Sortierung und Qualit\u00e4t<\/strong> <br \/>Alle Kisten werden mit dem Schiffsnamen, dem Fangdatum, dem Produkt und der Gr\u00f6\u00dfe gekennzeichnet. Au\u00dferdem muss ein Gesamtanlandebericht vorgelegt werden. Das Auktionspersonal nimmt eine Sichtpr\u00fcfung der Ware vor, ob der Artikel richtig klassifiziert wird. Letztlich ist jedoch der Lieferant f\u00fcr die Qualit\u00e4t des Produkts verantwortlich.<\/p>\n<p><strong>Sind Sie erstmals in Sm\u00f6gen?<\/strong> <br \/>Nehmen Sie rechtzeitig vor der geplanten Anlandung Kontakt mit der Fischhalle auf, damit wir Sie \u00fcber Regeln und Verfahren informieren und die erforderlichen Informationen \u00fcber Sie und Ihr Schiff erfassen k\u00f6nnen. Besonders bei Neulieferungen ist es unbedingt erforderlich, dass die bevorstehende Landung vorab angek\u00fcndigt wird. Auf diese Weise haben wir Zeit, die K\u00e4ufer dar\u00fcber informieren, dass Ihre Ware auf der Auktion sein wird. So haben Sie eine gr\u00f6\u00dfere Chance auf einen guten Verkauf.<\/p>\n<p>[\/et_pb_text][\/et_pb_column][\/et_pb_row][\/et_pb_section][et_pb_section fb_built=&#8220;1&#8243; admin_label=&#8220;Features&#8220; _builder_version=&#8220;4.16&#8243; width=&#8220;100%&#8220; min_height=&#8220;434px&#8220; custom_margin=&#8220;79px||-64px||false|&#8220; custom_padding=&#8220;0px||33px|||&#8220; bottom_divider_color=&#8220;rgba(214,214,214,0.57)&#8220; global_colors_info=&#8220;{}&#8220;][et_pb_row column_structure=&#8220;1_2,1_2&#8243; _builder_version=&#8220;4.16&#8243; _module_preset=&#8220;default&#8220; min_height=&#8220;456px&#8220; custom_padding=&#8220;||0px|||&#8220; global_colors_info=&#8220;{}&#8220;][et_pb_column type=&#8220;1_2&#8243; _builder_version=&#8220;4.16&#8243; _module_preset=&#8220;default&#8220; global_colors_info=&#8220;{}&#8220;][et_pb_text admin_label=&#8220;Link1&#8243; module_id=&#8220;sthlm&#8220; _builder_version=&#8220;4.16&#8243; _module_preset=&#8220;default&#8220; header_2_font=&#8220;Merriweather|700|||||||&#8220; header_2_font_size=&#8220;30px&#8220; header_2_line_height=&#8220;1.3em&#8220; custom_margin=&#8220;||16px|||&#8220; header_2_font_size_tablet=&#8220;&#8220; header_2_font_size_phone=&#8220;&#8220; header_2_font_size_last_edited=&#8220;on|phone&#8220; global_colors_info=&#8220;{}&#8220;]<\/p>\n<h2>Neue lieferanten Stockholm<\/h2>\n<p>[\/et_pb_text][et_pb_text _builder_version=&#8220;4.17.4&#8243; _module_preset=&#8220;default&#8220; text_font_size=&#8220;17px&#8220; text_line_height=&#8220;1.6em&#8220; custom_margin=&#8220;-3px|||||&#8220; hover_enabled=&#8220;0&#8243; global_colors_info=&#8220;{}&#8220; sticky_enabled=&#8220;0&#8243;]<\/p>\n<p>Die Stockholmer Fischauktion bietet derzeit an zwei Tagen in der Woche Auktionen an. Dienstags startet die Versteigerung im Anschluss an Sm\u00f6gen, ca. um 8.30 Uhr; donnerstag beginnt die Versteigerung um 07.00 Uhr MEZ.<\/p>\n<p>Sie k\u00f6nnen den Fisch wahlweise am Tag vor der Auktion oder am Auktionstag &#8211; dann vor 05.30 Uhr &#8211; bei uns abgeben oder durch unseren eigenem Transport abholen lassen. Kontaktieren Sie uns, um einen geeigneten Abholort zu verabreden.<\/p>\n<p>Wir wollen Pappkartons und gebrauchte Styroporboxen schrittweise abschaffen. Die von uns verwendeten Kartons sind gr\u00fcne Kartons von Pack and Sea. Dabei verwenden wir R\u00fcckholsysteme. Es gibt zwei Modelle von R\u00fcckgabeboxen. Die traditionelle Fischkiste, 40 kg, und die konische, die auch stapelbar ist. Die konische Variante wird zum Standard werden, und zwar mit einem Durchschnittsgewicht von 25 kg\/Kiste.<\/p>\n<p>[\/et_pb_text][\/et_pb_column][et_pb_column type=&#8220;1_2&#8243; _builder_version=&#8220;4.16&#8243; _module_preset=&#8220;default&#8220; global_colors_info=&#8220;{}&#8220;][et_pb_image src=&#8220;https:\/\/svenskafiskauktioner.se\/wp-content\/uploads\/2020\/12\/brax-i-orange-korg_liggande-scaled.jpg&#8220; title_text=&#8220;brax i orange korg_liggande&#8220; _builder_version=&#8220;4.16&#8243; _module_preset=&#8220;default&#8220; custom_margin=&#8220;3px||20px||false|false&#8220; custom_padding=&#8220;26px|||||&#8220; border_radii=&#8220;on|4px|4px|4px|4px&#8220; box_shadow_style=&#8220;preset3&#8243; box_shadow_spread=&#8220;-13px&#8220; global_colors_info=&#8220;{}&#8220;][\/et_pb_image][et_pb_text _builder_version=&#8220;4.16&#8243; _module_preset=&#8220;default&#8220; global_colors_info=&#8220;{}&#8220;]<\/p>\n<h3 style=\"text-align: center;\"><em><strong><a href=\"https:\/\/svenskafiskauktioner.se\/wp-content\/uploads\/2020\/08\/ny-leverantor.pdf\" target=\"_blank\" rel=\"noopener noreferrer\">Anfrage f\u00fcr neue Lieferanten &gt;<\/a><\/strong><\/em><\/h3>\n<p>[\/et_pb_text][\/et_pb_column][\/et_pb_row][et_pb_row column_structure=&#8220;1_2,1_2&#8243; _builder_version=&#8220;4.16&#8243; _module_preset=&#8220;default&#8220; custom_padding=&#8220;2px||84px|||&#8220; global_colors_info=&#8220;{}&#8220;][et_pb_column type=&#8220;1_2&#8243; _builder_version=&#8220;4.16&#8243; _module_preset=&#8220;default&#8220; global_colors_info=&#8220;{}&#8220;][et_pb_text _builder_version=&#8220;4.16&#8243; _module_preset=&#8220;default&#8220; text_font_size=&#8220;17px&#8220; text_line_height=&#8220;1.6em&#8220; global_colors_info=&#8220;{}&#8220;]<\/p>\n<p>\u00a0Die Kisten und Paletten sind dort erh\u00e4ltlich, wo Sie den Fisch abgeben, oder bei der Fischauktion in Stockholm. Diese Kisten m\u00fcssen gewaschen und gereinigt werden. Wenn Sie an unseren Sammelstellen anliefern, wenden sich an den Spediteur oder an die Stockholmer Fischauktion, falls Paletten und Kisten fehlen oder erg\u00e4nzt werden sollen. Wenn Sie selbst bei der Stockholmer Fischauktion abliefern, k\u00f6nnen Sie die Kisten bei der Auktion abholen.<\/p>\n<p>Die Temperatur des Fisches entspricht der Temperatur im Wasser, und die Jahreszeit bestimmt die Menge des Eises, die ben\u00f6tigt wird, um die Temperatur auf 0 Grad zu senken. Die Haltbarkeit des Fisches h\u00e4ngt davon ab, wie schnell er gek\u00fchlt wird.<\/p>\n<p>Bedecken Sie den Boden der Fischkiste mit einer Eisschicht, platzieren Sie darauf den Fisch und bedecken Sie ihn dann mit reichlich Eis. Zumindest Kopf und Kiemen sollten mit Eis bedeckt sein. Platzieren Sie den Fisch mit der Schwanzflosse in der Mitte der Kiste mit dem Bauch nach oben. Dann beginnt der Zerfall an der Wirbels\u00e4ule und nicht im Bauch, wodurch sich die Haltbarkeit erh\u00f6ht.<\/p>\n<p>Wir stellen Eis f\u00fcr die Selbstanlieferung bereit und f\u00fcllen Eis nach, wenn wir f\u00fcr den Kunden verpacken.<\/p>\n<p>Gleiche Gr\u00f6\u00dfe im gleichen Karton. Versuchen Sie, m\u00f6glichst viele Kartons mit gleichem Gewicht (25 oder 30 kg) zu verpacken und was nicht hineinpasst, wird dann eine Restkiste. Es kann mehr oder weniger seine als bei anderen Fischen der gleichen Gr\u00f6\u00dfe. Wenn Sie verschiedene Gr\u00f6\u00dfen mischen, wird daraus eine MIX-Box. Legen Sie 1-2 kg Zander unten auf die Palette und den Rest oben.<\/p>\n<p>&nbsp;<\/p>\n<p><em><\/em><\/p>\n<p>[\/et_pb_text][\/et_pb_column][et_pb_column type=&#8220;1_2&#8243; _builder_version=&#8220;4.16&#8243; _module_preset=&#8220;default&#8220; global_colors_info=&#8220;{}&#8220;][et_pb_text _builder_version=&#8220;4.16&#8243; _module_preset=&#8220;default&#8220; text_font_size=&#8220;17px&#8220; text_line_height=&#8220;1.6em&#8220; global_colors_info=&#8220;{}&#8220;]<\/p>\n<p>Kennzeichnung der Kisten: An jeder Kiste muss Ihre PN-Nr. angegeben sein, welcher See, Fangdatum, welche Sorte (MSC nur bei Zander) und das Gewicht der Kiste in kg. Die Markierung befindet sich auf der kurzen Seite der Kisten, nicht \u00fcber dem Strichcode. Bringen Sie alle Markierungen auf derselben Seite aller Kisten der Palette an.<\/p>\n<p>Sollten Sie f\u00fcr den Transport zur Stockholmer Fischauktion zwei Fischer mit unterschiedlicher PN-Nummern auf einer gemeinsamen Palette zusammenlegen m\u00fcssen, muss dies f\u00fcr uns deutlich sichtbar gemacht werden.<\/p>\n<p><strong>Denken Sie auch daran, auf dem Anlandebericht die MCS-Zertifizierung (nur f\u00fcr Zander!) zu vermerken.<\/strong><\/p>\n<p>Fotografieren Sie den Anlandebericht und senden Sie ihn an 0708\u2013148850.<\/p>\n<p>Der Anlandebericht wird an einem eigens daf\u00fcr vorgesehenen Platz an der Abgabestelle hinterlegt und vom Transporteur abgeholt und dann bei der Stockholmer Fischauktion abgegeben. Wenn Sie den Anlandebericht selbst abgeben, legen Sie ihn in den bereitstehenden Korb mit dem Hinweis &#8222;Anlandeberichte hier ablegen&#8220;.<\/p>\n<p>[\/et_pb_text][\/et_pb_column][\/et_pb_row][\/et_pb_section][et_pb_section fb_built=&#8220;1&#8243; _builder_version=&#8220;4.16&#8243; _module_preset=&#8220;default&#8220; custom_margin=&#8220;9px|||||&#8220; custom_padding=&#8220;0px||93px|||&#8220; bottom_divider_style=&#8220;wave2&#8243; bottom_divider_color=&#8220;rgba(0,63,122,0.49)&#8220; global_colors_info=&#8220;{}&#8220;][\/et_pb_section][et_pb_section fb_built=&#8220;1&#8243; _builder_version=&#8220;4.16&#8243; _module_preset=&#8220;default&#8220; background_color=&#8220;#f4f4f4&#8243; use_background_color_gradient=&#8220;on&#8220; background_color_gradient_direction=&#8220;179deg&#8220; background_color_gradient_stops=&#8220;#ffffff 100%|rgba(0,0,0,0) 100%&#8220; background_color_gradient_start=&#8220;#ffffff&#8220; background_color_gradient_start_position=&#8220;100%&#8220; background_color_gradient_end=&#8220;rgba(0,0,0,0)&#8220; background_color_gradient_end_position=&#8220;22%&#8220; background_enable_image=&#8220;off&#8220; custom_margin=&#8220;-2px|||||&#8220; custom_padding=&#8220;21px||21px||true|&#8220; global_colors_info=&#8220;{}&#8220;][et_pb_row column_structure=&#8220;1_6,1_6,1_6,1_6,1_6,1_6&#8243; _builder_version=&#8220;4.16&#8243; _module_preset=&#8220;default&#8220; global_colors_info=&#8220;{}&#8220;][et_pb_column type=&#8220;1_6&#8243; _builder_version=&#8220;4.16&#8243; _module_preset=&#8220;default&#8220; global_colors_info=&#8220;{}&#8220;][et_pb_image src=&#8220;https:\/\/svenskafiskauktioner.se\/wp-content\/uploads\/2020\/08\/smogenrakor.jpg&#8220; title_text=&#8220;smogenrakor&#8220; _builder_version=&#8220;4.16&#8243; _module_preset=&#8220;default&#8220; global_colors_info=&#8220;{}&#8220;][\/et_pb_image][\/et_pb_column][et_pb_column type=&#8220;1_6&#8243; _builder_version=&#8220;4.16&#8243; _module_preset=&#8220;default&#8220; global_colors_info=&#8220;{}&#8220;][et_pb_image src=&#8220;https:\/\/svenskafiskauktioner.se\/wp-content\/uploads\/2020\/07\/logo-webbstart.png&#8220; title_text=&#8220;logo-webbstart&#8220; _builder_version=&#8220;4.16&#8243; _module_preset=&#8220;default&#8220; width=&#8220;83%&#8220; global_colors_info=&#8220;{}&#8220;][\/et_pb_image][\/et_pb_column][et_pb_column type=&#8220;1_6&#8243; _builder_version=&#8220;4.16&#8243; _module_preset=&#8220;default&#8220; global_colors_info=&#8220;{}&#8220;][et_pb_image src=&#8220;https:\/\/svenskafiskauktioner.se\/wp-content\/uploads\/2020\/08\/logo-sthlm-krafta.jpg&#8220; title_text=&#8220;logo-sthlm-krafta&#8220; _builder_version=&#8220;4.16&#8243; _module_preset=&#8220;default&#8220; width=&#8220;100%&#8220; max_width=&#8220;100%&#8220; custom_padding=&#8220;||17px|||&#8220; global_colors_info=&#8220;{}&#8220;][\/et_pb_image][\/et_pb_column][et_pb_column type=&#8220;1_6&#8243; _builder_version=&#8220;4.16&#8243; _module_preset=&#8220;default&#8220; global_colors_info=&#8220;{}&#8220;][et_pb_image src=&#8220;https:\/\/svenskafiskauktioner.se\/wp-content\/uploads\/2020\/09\/logo-smagen2.png&#8220; title_text=&#8220;logo-smagen2&#8243; _builder_version=&#8220;4.16&#8243; _module_preset=&#8220;default&#8220; width=&#8220;97%&#8220; global_colors_info=&#8220;{}&#8220;][\/et_pb_image][\/et_pb_column][et_pb_column type=&#8220;1_6&#8243; _builder_version=&#8220;4.16&#8243; _module_preset=&#8220;default&#8220; global_colors_info=&#8220;{}&#8220;][et_pb_image src=&#8220;https:\/\/svenskafiskauktioner.se\/wp-content\/uploads\/2020\/08\/smogenkraftor.jpg&#8220; title_text=&#8220;smogenkraftor&#8220; _builder_version=&#8220;4.16&#8243; _module_preset=&#8220;default&#8220; global_colors_info=&#8220;{}&#8220;][\/et_pb_image][\/et_pb_column][et_pb_column type=&#8220;1_6&#8243; _builder_version=&#8220;4.16&#8243; _module_preset=&#8220;default&#8220; global_colors_info=&#8220;{}&#8220;][et_pb_image src=&#8220;https:\/\/svenskafiskauktioner.se\/wp-content\/uploads\/2020\/09\/Svensk-gos__staende.png&#8220; title_text=&#8220;Svensk-gos__staende&#8220; _builder_version=&#8220;4.16&#8243; _module_preset=&#8220;default&#8220; global_colors_info=&#8220;{}&#8220;][\/et_pb_image][\/et_pb_column][\/et_pb_row][\/et_pb_section]<\/p>\n","protected":false},"excerpt":{"rendered":"<p>neue lieferantenNeue lieferanten Sm\u00f6gen L\u00e4s mer &gt;Neue lieferanten Stockholm L\u00e4s mer &gt;Neue lieferanten Sm\u00f6genSie k\u00f6nnen uns Ihren Fang vertrauensvoll \u00fcberlassen In Sm\u00f6gen beginnt die Auktion an jeden Wochentagmorgen gegen 08:00 Uhr. Wir kooperieren mit DFA und verkaufen unmittelbar nach der Auktion von Hvide Sande. Durch unsere webbasierte Auktion verteilen sich die Kunden nicht nur \u00fcber [&hellip;]<\/p>\n","protected":false},"author":2,"featured_media":0,"parent":3131,"menu_order":2,"comment_status":"closed","ping_status":"closed","template":"","meta":{"_acf_changed":false,"_et_pb_use_builder":"on","_et_pb_old_content":"","_et_gb_content_width":"","footnotes":""},"class_list":["post-3138","page","type-page","status-publish","hentry"],"acf":[],"_links":{"self":[{"href":"https:\/\/svenskafiskauktioner.se\/de\/wp-json\/wp\/v2\/pages\/3138","targetHints":{"allow":["GET"]}}],"collection":[{"href":"https:\/\/svenskafiskauktioner.se\/de\/wp-json\/wp\/v2\/pages"}],"about":[{"href":"https:\/\/svenskafiskauktioner.se\/de\/wp-json\/wp\/v2\/types\/page"}],"author":[{"embeddable":true,"href":"https:\/\/svenskafiskauktioner.se\/de\/wp-json\/wp\/v2\/users\/2"}],"replies":[{"embeddable":true,"href":"https:\/\/svenskafiskauktioner.se\/de\/wp-json\/wp\/v2\/comments?post=3138"}],"version-history":[{"count":19,"href":"https:\/\/svenskafiskauktioner.se\/de\/wp-json\/wp\/v2\/pages\/3138\/revisions"}],"predecessor-version":[{"id":3380,"href":"https:\/\/svenskafiskauktioner.se\/de\/wp-json\/wp\/v2\/pages\/3138\/revisions\/3380"}],"up":[{"embeddable":true,"href":"https:\/\/svenskafiskauktioner.se\/de\/wp-json\/wp\/v2\/pages\/3131"}],"wp:attachment":[{"href":"https:\/\/svenskafiskauktioner.se\/de\/wp-json\/wp\/v2\/media?parent=3138"}],"curies":[{"name":"wp","href":"https:\/\/api.w.org\/{rel}","templated":true}]}}