{"id":3146,"date":"2021-09-03T09:06:11","date_gmt":"2021-09-03T09:06:11","guid":{"rendered":"https:\/\/svenskafiskauktioner.se\/kunder\/logistik\/"},"modified":"2021-09-08T16:37:51","modified_gmt":"2021-09-08T16:37:51","slug":"logistik","status":"publish","type":"page","link":"https:\/\/svenskafiskauktioner.se\/de\/kunder\/logistik\/","title":{"rendered":"LOGISTIK"},"content":{"rendered":"<p>[et_pb_section fb_built=&#8220;1&#8243; next_background_color=&#8220;#ffffff&#8220; admin_label=&#8220;Header&#8220; _builder_version=&#8220;4.9.2&#8243; background_color=&#8220;#34545a&#8220; background_image=&#8220;https:\/\/svenskafiskauktioner.se\/wp-content\/uploads\/2021\/03\/bild7-logistik.jpg&#8220; custom_margin=&#8220;||||false&#8220; custom_padding=&#8220;11vw||11vw||true|false&#8220; bottom_divider_style=&#8220;curve&#8220; bottom_divider_height=&#8220;6vw&#8220; global_colors_info=&#8220;{}&#8220;][et_pb_row _builder_version=&#8220;4.7.3&#8243; background_color=&#8220;rgba(0,39,99,0.69)&#8220; background_enable_image=&#8220;off&#8220; background_size=&#8220;contain&#8220; custom_padding=&#8220;||16px|||&#8220; animation_style=&#8220;zoom&#8220; animation_intensity_zoom=&#8220;10%&#8220; border_radii=&#8220;on|5px|5px|5px|5px&#8220; global_colors_info=&#8220;{}&#8220;][et_pb_column type=&#8220;4_4&#8243; _builder_version=&#8220;3.25&#8243; custom_padding=&#8220;|||&#8220; global_colors_info=&#8220;{}&#8220; custom_padding__hover=&#8220;|||&#8220;][et_pb_text _builder_version=&#8220;4.5.1&#8243; text_font=&#8220;||||||||&#8220; header_font=&#8220;Montserrat|500||on|||||&#8220; header_font_size=&#8220;18px&#8220; header_letter_spacing=&#8220;5px&#8220; header_line_height=&#8220;1.5em&#8220; header_2_font=&#8220;Merriweather|||on|||||&#8220; header_2_font_size=&#8220;52px&#8220; header_2_letter_spacing=&#8220;5px&#8220; header_2_line_height=&#8220;1.4em&#8220; text_orientation=&#8220;center&#8220; background_layout=&#8220;dark&#8220; header_font_size_tablet=&#8220;&#8220; header_font_size_phone=&#8220;12px&#8220; header_font_size_last_edited=&#8220;on|desktop&#8220; header_2_font_size_tablet=&#8220;50px&#8220; header_2_font_size_phone=&#8220;30px&#8220; header_2_font_size_last_edited=&#8220;on|desktop&#8220; global_colors_info=&#8220;{}&#8220;]<\/p>\n<h2>logistik<\/h2>\n<p>[\/et_pb_text][\/et_pb_column][\/et_pb_row][\/et_pb_section][et_pb_section fb_built=&#8220;1&#8243; admin_label=&#8220;Features&#8220; _builder_version=&#8220;4.6.0&#8243; background_color=&#8220;#ffffff&#8220; width=&#8220;100%&#8220; min_height=&#8220;519px&#8220; custom_margin=&#8220;||-4px|||&#8220; custom_padding=&#8220;62px||4px|||&#8220; bottom_divider_color=&#8220;#d6d6d6&#8243; global_colors_info=&#8220;{}&#8220;][et_pb_row column_structure=&#8220;1_2,1_2&#8243; _builder_version=&#8220;4.6.0&#8243; _module_preset=&#8220;default&#8220; custom_margin=&#8220;-5px|auto||auto||&#8220; global_colors_info=&#8220;{}&#8220;][et_pb_column type=&#8220;1_2&#8243; _builder_version=&#8220;4.6.0&#8243; _module_preset=&#8220;default&#8220; global_colors_info=&#8220;{}&#8220;][et_pb_text _builder_version=&#8220;4.6.0&#8243; _module_preset=&#8220;default&#8220; header_2_font=&#8220;Merriweather|700|||||||&#8220; header_2_font_size=&#8220;30px&#8220; header_3_font=&#8220;|600|||||||&#8220; header_3_text_align=&#8220;center&#8220; header_3_text_color=&#8220;#ffffff&#8220; header_3_font_size=&#8220;26px&#8220; background_color=&#8220;rgba(0,39,99,0.47)&#8220; custom_margin=&#8220;||16px|||&#8220; custom_padding=&#8220;12px||6px||false|false&#8220; border_radii=&#8220;on|4px|4px|4px|4px&#8220; global_colors_info=&#8220;{}&#8220;]<\/p>\n<h3>Lieferzeiten ab Sm\u00f6gen<\/h3>\n<p>[\/et_pb_text][et_pb_text _builder_version=&#8220;4.10.6&#8243; _module_preset=&#8220;default&#8220; text_font_size=&#8220;17px&#8220; text_line_height=&#8220;1.6em&#8220; custom_margin=&#8220;||73px||false|false&#8220; custom_padding=&#8220;27px|||||&#8220; hover_enabled=&#8220;0&#8243; global_colors_info=&#8220;{}&#8220; min_height=&#8220;481px&#8220; sticky_enabled=&#8220;0&#8243;]<\/p>\n<p><strong>Auktionstage Montag-Donnerstag<\/strong><\/p>\n<p>Die Sm\u00f6gener Fischauktion verf\u00fcgt \u00fcber einen eigenen K\u00fchlwagen f\u00fcr Transporte nach G\u00f6teborg. Unmittelbar nach der Auktion wird mit dem Verladen begonnen und bereits zum Mittagessen kommt die Ware im Fischereihafen in G\u00f6teborg an.<\/p>\n<p>Waren, die umgepackt oder vorbereitet werden m\u00fcssen, werden mit sp\u00e4teren LKW-Touren entweder \u00fcber G\u00f6teborg zum Umladen oder direkt z. B. nach Stockholm gebracht. In Stockholm kann die Ware am Tag nach der Auktion vor 11.00 Uhr abgeholt werden.<\/p>\n<p>Denken Sie daran, uns fr\u00fchzeitig zu kontaktieren, wenn Sie Waren haben, die Sie dem Transport mitgeben m\u00f6chten. In erster Linie werden die bei der Auktion gekauften Waren verladen, aber wenn Platz vorhanden ist, k\u00f6nnen wir auch andere Waren mitliefern.<\/p>\n<p>[\/et_pb_text][et_pb_text _builder_version=&#8220;4.10.6&#8243; _module_preset=&#8220;default&#8220; custom_margin=&#8220;1px|||||&#8220; global_colors_info=&#8220;{}&#8220;]<\/p>\n<table width=\"278\" style=\"height: 264px;\">\n<tbody>\n<tr style=\"height: 48px;\">\n<td style=\"width: 137.363px; height: 48px;\"><strong>Ziel \/ Land<\/strong><\/td>\n<td style=\"width: 125.838px; height: 48px;\"><strong>Tage \/ vor der Uhr<\/strong><\/td>\n<\/tr>\n<tr style=\"height: 24px;\">\n<td style=\"width: 137.363px; height: 24px;\">Urk\u00a0(Niederlande)<\/td>\n<td style=\"width: 125.838px; height: 24px;\">2 \/ 09:00<\/td>\n<\/tr>\n<tr style=\"height: 48px;\">\n<td style=\"width: 137.363px; height: 48px;\">Restliche Niederlande<\/td>\n<td style=\"width: 125.838px; height: 48px;\">2 \/ 12:00<\/td>\n<\/tr>\n<tr style=\"height: 24px;\">\n<td style=\"width: 137.363px; height: 24px;\">Belgien<\/td>\n<td style=\"width: 125.838px; height: 24px;\">2 \/ 12:00<\/td>\n<\/tr>\n<tr style=\"height: 48px;\">\n<td style=\"width: 137.363px; height: 48px;\">Boulogne-sur-Mer (Frankreich)<\/td>\n<td style=\"width: 125.838px; height: 48px;\">2 \/ 12:00<\/td>\n<\/tr>\n<tr style=\"height: 24px;\">\n<td style=\"width: 137.363px; height: 24px;\">Grimsby (UK)<\/td>\n<td style=\"width: 125.838px; height: 24px;\">3 \/ 09:00<\/td>\n<\/tr>\n<tr style=\"height: 24px;\">\n<td style=\"width: 137.363px; height: 24px;\">Deutschland<\/td>\n<td style=\"width: 125.838px; height: 24px;\">2 \/ 12:00<\/td>\n<\/tr>\n<tr style=\"height: 24px;\">\n<td style=\"width: 137.363px; height: 24px;\">Spanien<\/td>\n<td style=\"width: 125.838px; height: 24px;\">3 \/ 24:00<\/td>\n<\/tr>\n<\/tbody>\n<\/table>\n<p>[\/et_pb_text][\/et_pb_column][et_pb_column type=&#8220;1_2&#8243; _builder_version=&#8220;4.6.0&#8243; _module_preset=&#8220;default&#8220; global_colors_info=&#8220;{}&#8220;][et_pb_text _builder_version=&#8220;4.6.0&#8243; _module_preset=&#8220;default&#8220; header_2_font=&#8220;Merriweather|700|||||||&#8220; header_2_font_size=&#8220;30px&#8220; header_3_font=&#8220;|600|||||||&#8220; header_3_text_align=&#8220;center&#8220; header_3_text_color=&#8220;#ffffff&#8220; header_3_font_size=&#8220;26px&#8220; background_color=&#8220;rgba(0,39,99,0.47)&#8220; custom_margin=&#8220;||16px|||&#8220; custom_padding=&#8220;12px||6px||false|false&#8220; border_radii=&#8220;on|4px|4px|4px|4px&#8220; global_colors_info=&#8220;{}&#8220;]<\/p>\n<h3>Lieferzeiten aus Stockholm<\/h3>\n<p>[\/et_pb_text][et_pb_text _builder_version=&#8220;4.10.6&#8243; _module_preset=&#8220;default&#8220; text_font_size=&#8220;17px&#8220; text_line_height=&#8220;1.6em&#8220; custom_margin=&#8220;0px||45px||false|false&#8220; custom_padding=&#8220;28px||3px||false|false&#8220; hover_enabled=&#8220;0&#8243; global_colors_info=&#8220;{}&#8220; min_height=&#8220;511px&#8220; sticky_enabled=&#8220;0&#8243;]<\/p>\n<p><strong>Auktionstage Dienstag und Freitag<\/strong><\/p>\n<p>Kunden im Raum Stockholm sorgen an den Auktionstagen f\u00fcr ihren Transport von der Auktion. Am Auktionstag organisieren wir Transporte nach G\u00f6teborg und von dort weiter zu unseren Kunden an der Westk\u00fcste und in Europa.<\/p>\n<p>Bei der Auktion am Dienstag f\u00e4hrt der LKW am Nachmittag nach G\u00f6teborg. Die Ware kann dort am Mittwochmorgen abgeholt und zum Weitertransport umgeladen werden. So seht der Fisch am Mittwochnachmittag in Padborg zum Umladen bereit.<\/p>\n<p>Der Transport der Freitagsauktion verl\u00e4sst morgens den Hafenund ist nachmittags in G\u00f6teborg zum Weitertransport zu Kunden in Europa. Der Fisch ist am Samstagmorgen in Padborg.<\/p>\n<p>[\/et_pb_text][et_pb_text _builder_version=&#8220;4.9.2&#8243; _module_preset=&#8220;default&#8220; global_colors_info=&#8220;{}&#8220;]<\/p>\n<table width=\"278\">\n<tbody>\n<tr>\n<td style=\"width: 131px;\"><strong>Ziel \/ Land<\/strong><\/td>\n<td style=\"width: 131px;\"><strong>Tage \/ vor der Uhr<\/strong><\/td>\n<\/tr>\n<tr>\n<td style=\"width: 131px;\">Urk<\/td>\n<td style=\"width: 131px;\">2 \/ 09:00<\/td>\n<\/tr>\n<tr>\n<td style=\"width: 131px;\">\u00d6vriga Holland<\/td>\n<td style=\"width: 131px;\">2 \/ 12:00<\/td>\n<\/tr>\n<tr>\n<td style=\"width: 131px;\">Belgien<\/td>\n<td style=\"width: 131px;\">2 \/ 12:00<\/td>\n<\/tr>\n<tr>\n<td style=\"width: 131px;\">Boulogne S.M.<\/td>\n<td style=\"width: 131px;\">2 \/ 12:00<\/td>\n<\/tr>\n<tr>\n<td style=\"width: 131px;\">Grimsby<\/td>\n<td style=\"width: 131px;\">3 \/ 09:00<\/td>\n<\/tr>\n<tr>\n<td style=\"width: 131px;\">Tyskland<\/td>\n<td style=\"width: 131px;\">2 \/ 12:00<\/td>\n<\/tr>\n<tr>\n<td style=\"width: 131px;\">Spaninien<\/td>\n<td style=\"width: 131px;\">3 \/ 24:00<\/td>\n<\/tr>\n<\/tbody>\n<\/table>\n<p>[\/et_pb_text][\/et_pb_column][\/et_pb_row][\/et_pb_section][et_pb_section fb_built=&#8220;1&#8243; _builder_version=&#8220;4.6.0&#8243; _module_preset=&#8220;default&#8220; custom_margin=&#8220;21px|||||&#8220; custom_padding=&#8220;71px|||||&#8220; bottom_divider_style=&#8220;wave2&#8243; bottom_divider_color=&#8220;rgba(0,63,122,0.49)&#8220; global_colors_info=&#8220;{}&#8220;][\/et_pb_section][et_pb_section fb_built=&#8220;1&#8243; _builder_version=&#8220;4.5.1&#8243; _module_preset=&#8220;default&#8220; background_color=&#8220;#f4f4f4&#8243; use_background_color_gradient=&#8220;on&#8220; background_color_gradient_start=&#8220;#ffffff&#8220; background_color_gradient_end=&#8220;rgba(0,0,0,0)&#8220; background_color_gradient_direction=&#8220;179deg&#8220; background_color_gradient_start_position=&#8220;100%&#8220; background_color_gradient_end_position=&#8220;22%&#8220; background_enable_image=&#8220;off&#8220; custom_margin=&#8220;-2px|||||&#8220; custom_padding=&#8220;18px||18px||true|&#8220; global_colors_info=&#8220;{}&#8220;][et_pb_row column_structure=&#8220;1_6,1_6,1_6,1_6,1_6,1_6&#8243; _builder_version=&#8220;4.5.1&#8243; _module_preset=&#8220;default&#8220; global_colors_info=&#8220;{}&#8220;][et_pb_column type=&#8220;1_6&#8243; _builder_version=&#8220;4.5.1&#8243; _module_preset=&#8220;default&#8220; global_colors_info=&#8220;{}&#8220;][et_pb_image src=&#8220;https:\/\/svenskafiskauktioner.se\/wp-content\/uploads\/2020\/08\/smogenrakor.jpg&#8220; title_text=&#8220;smogenrakor&#8220; _builder_version=&#8220;4.5.1&#8243; _module_preset=&#8220;default&#8220; global_colors_info=&#8220;{}&#8220;][\/et_pb_image][\/et_pb_column][et_pb_column type=&#8220;1_6&#8243; _builder_version=&#8220;4.5.1&#8243; _module_preset=&#8220;default&#8220; global_colors_info=&#8220;{}&#8220;][et_pb_image src=&#8220;https:\/\/svenskafiskauktioner.se\/wp-content\/uploads\/2020\/07\/logo-webbstart.png&#8220; title_text=&#8220;logo-webbstart&#8220; _builder_version=&#8220;4.5.1&#8243; _module_preset=&#8220;default&#8220; width=&#8220;83%&#8220; global_colors_info=&#8220;{}&#8220;][\/et_pb_image][\/et_pb_column][et_pb_column type=&#8220;1_6&#8243; _builder_version=&#8220;4.5.1&#8243; _module_preset=&#8220;default&#8220; global_colors_info=&#8220;{}&#8220;][et_pb_image src=&#8220;https:\/\/svenskafiskauktioner.se\/wp-content\/uploads\/2020\/08\/logo-sthlm-krafta.jpg&#8220; title_text=&#8220;logo-sthlm-krafta&#8220; _builder_version=&#8220;4.5.1&#8243; _module_preset=&#8220;default&#8220; width=&#8220;100%&#8220; max_width=&#8220;100%&#8220; custom_padding=&#8220;||17px|||&#8220; global_colors_info=&#8220;{}&#8220;][\/et_pb_image][\/et_pb_column][et_pb_column type=&#8220;1_6&#8243; _builder_version=&#8220;4.5.1&#8243; _module_preset=&#8220;default&#8220; global_colors_info=&#8220;{}&#8220;][et_pb_image src=&#8220;https:\/\/svenskafiskauktioner.se\/wp-content\/uploads\/2020\/09\/logo-smagen2.png&#8220; title_text=&#8220;logo-smagen2&#8243; _builder_version=&#8220;4.6.0&#8243; _module_preset=&#8220;default&#8220; width=&#8220;97%&#8220; global_colors_info=&#8220;{}&#8220;][\/et_pb_image][\/et_pb_column][et_pb_column type=&#8220;1_6&#8243; _builder_version=&#8220;4.5.1&#8243; _module_preset=&#8220;default&#8220; global_colors_info=&#8220;{}&#8220;][et_pb_image src=&#8220;https:\/\/svenskafiskauktioner.se\/wp-content\/uploads\/2020\/08\/smogenkraftor.jpg&#8220; title_text=&#8220;smogenkraftor&#8220; _builder_version=&#8220;4.5.1&#8243; _module_preset=&#8220;default&#8220; global_colors_info=&#8220;{}&#8220;][\/et_pb_image][\/et_pb_column][et_pb_column type=&#8220;1_6&#8243; _builder_version=&#8220;4.5.1&#8243; _module_preset=&#8220;default&#8220; global_colors_info=&#8220;{}&#8220;][et_pb_image src=&#8220;https:\/\/svenskafiskauktioner.se\/wp-content\/uploads\/2020\/09\/Svensk-gos__staende.png&#8220; title_text=&#8220;Svensk-gos__staende&#8220; _builder_version=&#8220;4.6.0&#8243; _module_preset=&#8220;default&#8220; global_colors_info=&#8220;{}&#8220;][\/et_pb_image][\/et_pb_column][\/et_pb_row][\/et_pb_section]<\/p>\n","protected":false},"excerpt":{"rendered":"<p>logistikLieferzeiten ab Sm\u00f6genAuktionstage Montag-Donnerstag Die Sm\u00f6gener Fischauktion verf\u00fcgt \u00fcber einen eigenen K\u00fchlwagen f\u00fcr Transporte nach G\u00f6teborg. Unmittelbar nach der Auktion wird mit dem Verladen begonnen und bereits zum Mittagessen kommt die Ware im Fischereihafen in G\u00f6teborg an. Waren, die umgepackt oder vorbereitet werden m\u00fcssen, werden mit sp\u00e4teren LKW-Touren entweder \u00fcber G\u00f6teborg zum Umladen oder direkt [&hellip;]<\/p>\n","protected":false},"author":2,"featured_media":0,"parent":3045,"menu_order":1,"comment_status":"closed","ping_status":"closed","template":"","meta":{"_acf_changed":false,"_et_pb_use_builder":"on","_et_pb_old_content":"","_et_gb_content_width":"","footnotes":""},"class_list":["post-3146","page","type-page","status-publish","hentry"],"acf":[],"_links":{"self":[{"href":"https:\/\/svenskafiskauktioner.se\/de\/wp-json\/wp\/v2\/pages\/3146","targetHints":{"allow":["GET"]}}],"collection":[{"href":"https:\/\/svenskafiskauktioner.se\/de\/wp-json\/wp\/v2\/pages"}],"about":[{"href":"https:\/\/svenskafiskauktioner.se\/de\/wp-json\/wp\/v2\/types\/page"}],"author":[{"embeddable":true,"href":"https:\/\/svenskafiskauktioner.se\/de\/wp-json\/wp\/v2\/users\/2"}],"replies":[{"embeddable":true,"href":"https:\/\/svenskafiskauktioner.se\/de\/wp-json\/wp\/v2\/comments?post=3146"}],"version-history":[{"count":13,"href":"https:\/\/svenskafiskauktioner.se\/de\/wp-json\/wp\/v2\/pages\/3146\/revisions"}],"predecessor-version":[{"id":3387,"href":"https:\/\/svenskafiskauktioner.se\/de\/wp-json\/wp\/v2\/pages\/3146\/revisions\/3387"}],"up":[{"embeddable":true,"href":"https:\/\/svenskafiskauktioner.se\/de\/wp-json\/wp\/v2\/pages\/3045"}],"wp:attachment":[{"href":"https:\/\/svenskafiskauktioner.se\/de\/wp-json\/wp\/v2\/media?parent=3146"}],"curies":[{"name":"wp","href":"https:\/\/api.w.org\/{rel}","templated":true}]}}