{"id":3149,"date":"2021-09-03T09:07:32","date_gmt":"2021-09-03T09:07:32","guid":{"rendered":"https:\/\/svenskafiskauktioner.se\/kunder\/neue-kunden\/"},"modified":"2022-07-04T04:37:24","modified_gmt":"2022-07-04T04:37:24","slug":"neue-kunden","status":"publish","type":"page","link":"https:\/\/svenskafiskauktioner.se\/de\/kunder\/neue-kunden\/","title":{"rendered":"NEUE KUNDEN"},"content":{"rendered":"<p>[et_pb_section fb_built=&#8220;1&#8243; next_background_color=&#8220;#ffffff&#8220; admin_label=&#8220;Header&#8220; _builder_version=&#8220;4.16&#8243; background_color=&#8220;#34545a&#8220; background_image=&#8220;https:\/\/svenskafiskauktioner.se\/wp-content\/uploads\/2021\/03\/bild6-nya-kunder.jpg&#8220; custom_margin=&#8220;||||false&#8220; custom_padding=&#8220;11vw||11vw||true|false&#8220; bottom_divider_style=&#8220;curve&#8220; bottom_divider_height=&#8220;6vw&#8220; global_colors_info=&#8220;{}&#8220;][et_pb_row _builder_version=&#8220;4.16&#8243; background_color=&#8220;rgba(0,39,99,0.47)&#8220; background_enable_image=&#8220;off&#8220; background_size=&#8220;contain&#8220; custom_padding=&#8220;||16px|||&#8220; animation_style=&#8220;zoom&#8220; animation_intensity_zoom=&#8220;10%&#8220; border_radii=&#8220;on|5px|5px|5px|5px&#8220; global_colors_info=&#8220;{}&#8220;][et_pb_column type=&#8220;4_4&#8243; _builder_version=&#8220;4.16&#8243; custom_padding=&#8220;|||&#8220; global_colors_info=&#8220;{}&#8220; custom_padding__hover=&#8220;|||&#8220;][et_pb_text _builder_version=&#8220;4.16&#8243; text_font=&#8220;||||||||&#8220; header_font=&#8220;Montserrat|500||on|||||&#8220; header_font_size=&#8220;18px&#8220; header_letter_spacing=&#8220;5px&#8220; header_line_height=&#8220;1.5em&#8220; header_2_font=&#8220;Merriweather|||on|||||&#8220; header_2_font_size=&#8220;52px&#8220; header_2_letter_spacing=&#8220;5px&#8220; header_2_line_height=&#8220;1.4em&#8220; text_orientation=&#8220;center&#8220; background_layout=&#8220;dark&#8220; header_font_size_tablet=&#8220;&#8220; header_font_size_phone=&#8220;12px&#8220; header_font_size_last_edited=&#8220;on|desktop&#8220; header_2_font_size_tablet=&#8220;50px&#8220; header_2_font_size_phone=&#8220;30px&#8220; header_2_font_size_last_edited=&#8220;on|desktop&#8220; global_colors_info=&#8220;{}&#8220;]<\/p>\n<h2>Neue KUNDEN<\/h2>\n<p>[\/et_pb_text][\/et_pb_column][\/et_pb_row][\/et_pb_section][et_pb_section fb_built=&#8220;1&#8243; admin_label=&#8220;Features&#8220; _builder_version=&#8220;4.16&#8243; width=&#8220;100%&#8220; min_height=&#8220;566px&#8220; custom_margin=&#8220;||-4px|||&#8220; custom_padding=&#8220;||102px|||&#8220; bottom_divider_color=&#8220;#d6d6d6&#8243; box_shadow_style=&#8220;preset3&#8243; box_shadow_spread=&#8220;-20px&#8220; global_colors_info=&#8220;{}&#8220;][et_pb_row column_structure=&#8220;3_5,2_5&#8243; _builder_version=&#8220;4.16&#8243; _module_preset=&#8220;default&#8220; min_height=&#8220;753px&#8220; custom_padding=&#8220;6px||0px|||&#8220; global_colors_info=&#8220;{}&#8220;][et_pb_column type=&#8220;3_5&#8243; _builder_version=&#8220;4.16&#8243; _module_preset=&#8220;default&#8220; global_colors_info=&#8220;{}&#8220;][et_pb_text _builder_version=&#8220;4.16&#8243; _module_preset=&#8220;default&#8220; header_2_font=&#8220;Merriweather|700|||||||&#8220; header_2_font_size=&#8220;30px&#8220; header_2_line_height=&#8220;1.4em&#8220; min_height=&#8220;39px&#8220; custom_margin=&#8220;||16px|||&#8220; global_colors_info=&#8220;{}&#8220;]<\/p>\n<h2>Willkommen als Kunde bei Sm\u00f6gens und Stockholm Fish Auctions<\/h2>\n<p>[\/et_pb_text][et_pb_text _builder_version=&#8220;4.16&#8243; _module_preset=&#8220;default&#8220; text_text_color=&#8220;#000000&#8243; text_font_size=&#8220;17px&#8220; text_line_height=&#8220;1.6em&#8220; ul_line_height=&#8220;1.8em&#8220; header_3_font=&#8220;|700|||||||&#8220; header_3_font_size=&#8220;20px&#8220; header_3_line_height=&#8220;1.4em&#8220; custom_margin=&#8220;-3px||-4px|||&#8220; custom_padding=&#8220;||8px|||&#8220; global_colors_info=&#8220;{}&#8220;]<\/p>\n<p>Als Kunde haben Sie &#8211; ohne zus\u00e4tzliche Kosten &#8211; Zugang zu den folgenden Auktionen:<\/p>\n<p><strong>Sm\u00f6gener Fischauktion<\/strong>: Sm\u00f6gen, die Hauptstadt der Schalentiere, garantiert hochwertige Garnelen, Krebse und ganze Fische von der Westk\u00fcste und aus der Nordsee.<\/p>\n<p><strong>Stockholmer Fischauktion<\/strong>: Eine der f\u00fchrenden Auktionen f\u00fcr S\u00fc\u00dfwasserfische in Schweden und in Europa.<\/p>\n<p><strong>D\u00e4nische Fischauktionen<\/strong>, DFA: Thybor\u00f6n, Hvide Sande und Thorsminde. Haupts\u00e4chlich f\u00fcr ganze Fische aus der Nordsee.<\/p>\n<p><em>Sie unterzeichnen einen Vertrag \u00fcber einen oder mehrere Benutzerschl\u00fcssel (500 \u20ac pro zus\u00e4tzlichem Schl\u00fcssel), die auf dem Handy oder Computer verwendet werden k\u00f6nnen. Es gibt zwei M\u00f6glichkeiten, Kunde zu werden:<\/em><\/p>\n<ul>\n<li>Mit einer Jahresgeb\u00fchr von 1420 \u20ac oder <br \/>\u00dcber den Auktionspreis + 6% auf alles, was Sie kaufen.<\/li>\n<li>Wenn Sie wissen, dass ihre Eink\u00e4ufe mehr als 350.000 SEK \/ Jahr betragen, ist derzeit die Variante mit einer Jahresgeb\u00fchr vorteilhafter.<\/li>\n<li>Sie ben\u00f6tigen au\u00dferdem eine Bankb\u00fcrgschaft \u00fcber mindestens 50.000 SEK, die Sie uns zur Verf\u00fcgung stellen.<\/li>\n<li>Die Zahlung erfolgt per Lastschrift sp\u00e4testens am f\u00fcnften Bankarbeitstag nach Kaufdatum.<\/li>\n<li>Bei beiden Optionen werden die Versandkosten aufgeschlagen.<\/li>\n<li>Der Antrag muss im Original an die Fischauktion von Sm\u00f6gen geschickt werden.<\/li>\n<\/ul>\n<p>[\/et_pb_text][et_pb_text _builder_version=&#8220;4.16&#8243; _module_preset=&#8220;default&#8220; text_font=&#8220;|700|||||||&#8220; text_font_size=&#8220;18px&#8220; header_3_font=&#8220;|700|||||||&#8220; min_height=&#8220;58px&#8220; custom_margin=&#8220;||-2px|||&#8220; global_colors_info=&#8220;{}&#8220;]<\/p>\n<h3>Bewerbung als Kunde<\/h3>\n<p>[\/et_pb_text][et_pb_text _builder_version=&#8220;4.16&#8243; _module_preset=&#8220;default&#8220; text_font=&#8220;|700|||||||&#8220; text_font_size=&#8220;18px&#8220; header_3_font=&#8220;|700|||||||&#8220; min_height=&#8220;58px&#8220; global_colors_info=&#8220;{}&#8220;]<\/p>\n<p><a href=\"https:\/\/svenskafiskauktioner.se\/wp-content\/uploads\/2021\/01\/Pefa-Avta-Nya-kunder-2020.pdf\" rel=\"attachment wp-att-2106 noopener noreferrer\" target=\"_blank\">Pefa Vereinbarung f\u00fcr Neukunden &gt;<\/a><\/p>\n<p><a href=\"https:\/\/svenskafiskauktioner.se\/wp-content\/uploads\/2021\/01\/Autogiroanmalan_medgivande_till_bankgironummer.pdf\" rel=\"attachment wp-att-2110 noopener noreferrer\" target=\"_blank\">Antrag auf Einzugserm\u00e4chtigung &gt;<\/a><\/p>\n<p>[\/et_pb_text][\/et_pb_column][et_pb_column type=&#8220;2_5&#8243; _builder_version=&#8220;4.16&#8243; _module_preset=&#8220;default&#8220; global_colors_info=&#8220;{}&#8220;][et_pb_text _builder_version=&#8220;4.16&#8243; _module_preset=&#8220;default&#8220; text_font_size=&#8220;17px&#8220; text_line_height=&#8220;1.6em&#8220; header_4_font=&#8220;|700|||||||&#8220; header_4_font_size=&#8220;20px&#8220; background_color=&#8220;rgba(0,0,0,0)&#8220; custom_margin=&#8220;||33px|0px|false|false&#8220; border_radii=&#8220;on|4px|4px|4px|4px&#8220; global_colors_info=&#8220;{}&#8220;][\/et_pb_text][et_pb_text _builder_version=&#8220;4.16&#8243; _module_preset=&#8220;default&#8220; text_font_size=&#8220;17px&#8220; text_line_height=&#8220;1.6em&#8220; header_4_font=&#8220;|700|||||||&#8220; header_4_font_size=&#8220;20px&#8220; background_color=&#8220;#f4f4f4&#8243; custom_margin=&#8220;|||0px|false|false&#8220; custom_padding=&#8220;47px||45px|37px|false|false&#8220; border_radii=&#8220;on|4px|4px|4px|4px&#8220; global_colors_info=&#8220;{}&#8220;]<\/p>\n<h3><strong>Kontaktinformationen <\/strong><\/h3>\n<p><strong><\/strong><\/p>\n<p><strong>Sm\u00f6gener Fischauktion<\/strong> <br \/>Fiskhamnsgatan 31 <br \/>456 51 Sm\u00f6gen, Schweden <br \/>Telefonzentrale: +46 (0)523 &#8211; 66 55 40 <br \/>Auktionshallen: +46 (0)523-66 55 44<br \/><a href=\"mailto:info@smogens-fiskauktion.com\">info@smogens-fiskauktion.com<\/a><\/p>\n<p><strong>Stockholmer Fischauktion <br \/><\/strong>Fiskhallsv\u00e4gen 4 <br \/>120 44 \u00c5rsta, Schweden <br \/>Kontakt: +46 (0)8 &#8211; 410 143 50<br \/><a href=\"mailto:kontakt@stockholmsfiskauktion.se\">kontakt@stockholmsfiskauktion.se<\/a><\/p>\n<p>[\/et_pb_text][\/et_pb_column][\/et_pb_row][\/et_pb_section][et_pb_section fb_built=&#8220;1&#8243; admin_label=&#8220;Features&#8220; _builder_version=&#8220;4.16&#8243; width=&#8220;100%&#8220; min_height=&#8220;519px&#8220; custom_margin=&#8220;||98px|||&#8220; custom_padding=&#8220;88px||33px|||&#8220; bottom_divider_color=&#8220;#d6d6d6&#8243; global_colors_info=&#8220;{}&#8220;][et_pb_row column_structure=&#8220;2_5,3_5&#8243; _builder_version=&#8220;4.16&#8243; _module_preset=&#8220;default&#8220; custom_padding=&#8220;0px||21px|||&#8220; global_colors_info=&#8220;{}&#8220;][et_pb_column type=&#8220;2_5&#8243; _builder_version=&#8220;4.16&#8243; _module_preset=&#8220;default&#8220; global_colors_info=&#8220;{}&#8220;][et_pb_text _builder_version=&#8220;4.17.4&#8243; _module_preset=&#8220;default&#8220; text_text_color=&#8220;#000000&#8243; text_font_size=&#8220;17px&#8220; text_line_height=&#8220;1.6em&#8220; ul_line_height=&#8220;1.8em&#8220; header_3_font=&#8220;|700|||||||&#8220; header_3_font_size=&#8220;20px&#8220; header_3_line_height=&#8220;1.4em&#8220; custom_margin=&#8220;-3px||25px|||&#8220; hover_enabled=&#8220;0&#8243; global_colors_info=&#8220;{}&#8220; sticky_enabled=&#8220;0&#8243;]<\/p>\n<h3>Auktionstage<\/h3>\n<p><strong>Die Stockholmer<\/strong> Fischauktion bietet derzeit an zwei Tagen in der Woche Auktionen an. Dienstags startet die Versteigerung im Anschluss an Sm\u00f6gen, ca. um 8.30 Uhr; donnerstag beginnt die Versteigerung um 07.00 Uhr MEZ.<\/p>\n<p><strong>Sm\u00f6gen<\/strong> hat seine Auktionstage morgens von Montag-Donnerstag, je nach Verf\u00fcgbarkeit von Meeresfr\u00fcchten auch Donnerstags 16.00 Uhr. Die Auktion beginnt in der Regel um 08:00 Uhr MEZ morgens oder unmittelbar nach der Auktion im d\u00e4nischen Hvide Sande.<\/p>\n<p><strong>Die DFA<\/strong> f\u00fchrt ihre Auktionen von Montag bis Freitag durch, abh\u00e4ngig vom Fischangebot.<\/p>\n<p>Informationen zu Startzeit und Zugang zu Fischen erhalten Sie \u00fcber Whatsapp, vor 06.00 Uhr am Auktionstag und auf unserer Website. WhatsApp Nr. nach Sm\u00f6gen +46 (0)790 18 53 61 und nach Stockholm +46 (0)708 14 88 50.\u00a0 (Telefonnummern von Stockholm sind weiter oben anders. Bitte pr\u00fcfen.)<\/p>\n<p>Auf der Website k\u00f6nnen Sie bereits am Vortag sehen, welche Anlandungen und Waren f\u00fcr die Auktion vorregistriert sind. Wir zeigen Ihnen gerne, wie die Auktionsuhr funktioniert, damit Sie loslegen k\u00f6nnen.<\/p>\n<p>[\/et_pb_text][\/et_pb_column][et_pb_column type=&#8220;3_5&#8243; _builder_version=&#8220;4.16&#8243; _module_preset=&#8220;default&#8220; global_colors_info=&#8220;{}&#8220;][et_pb_image src=&#8220;https:\/\/svenskafiskauktioner.se\/wp-content\/uploads\/2020\/09\/auktionsklocka2.jpg&#8220; title_text=&#8220;auktionsklocka2&#8243; _builder_version=&#8220;4.16&#8243; _module_preset=&#8220;default&#8220; custom_margin=&#8220;4px|||||&#8220; border_radii=&#8220;on|3px|3px|3px|3px&#8220; box_shadow_style=&#8220;preset1&#8243; global_colors_info=&#8220;{}&#8220;][\/et_pb_image][\/et_pb_column][\/et_pb_row][\/et_pb_section][et_pb_section fb_built=&#8220;1&#8243; _builder_version=&#8220;4.16&#8243; _module_preset=&#8220;default&#8220; custom_margin=&#8220;-1px|||||&#8220; custom_padding=&#8220;54px|||||&#8220; bottom_divider_style=&#8220;wave2&#8243; bottom_divider_color=&#8220;rgba(0,63,122,0.49)&#8220; global_colors_info=&#8220;{}&#8220;][\/et_pb_section][et_pb_section fb_built=&#8220;1&#8243; _builder_version=&#8220;4.16&#8243; _module_preset=&#8220;default&#8220; background_color=&#8220;#f4f4f4&#8243; use_background_color_gradient=&#8220;on&#8220; background_color_gradient_direction=&#8220;179deg&#8220; background_color_gradient_stops=&#8220;#ffffff 100%|rgba(0,0,0,0) 100%&#8220; background_color_gradient_start=&#8220;#ffffff&#8220; background_color_gradient_start_position=&#8220;100%&#8220; background_color_gradient_end=&#8220;rgba(0,0,0,0)&#8220; background_color_gradient_end_position=&#8220;22%&#8220; background_enable_image=&#8220;off&#8220; custom_margin=&#8220;-2px|||||&#8220; custom_padding=&#8220;20px||20px||true|&#8220; global_colors_info=&#8220;{}&#8220;][et_pb_row column_structure=&#8220;1_6,1_6,1_6,1_6,1_6,1_6&#8243; _builder_version=&#8220;4.16&#8243; _module_preset=&#8220;default&#8220; global_colors_info=&#8220;{}&#8220;][et_pb_column type=&#8220;1_6&#8243; _builder_version=&#8220;4.16&#8243; _module_preset=&#8220;default&#8220; global_colors_info=&#8220;{}&#8220;][et_pb_image src=&#8220;https:\/\/svenskafiskauktioner.se\/wp-content\/uploads\/2020\/08\/smogenrakor.jpg&#8220; title_text=&#8220;smogenrakor&#8220; _builder_version=&#8220;4.16&#8243; _module_preset=&#8220;default&#8220; global_colors_info=&#8220;{}&#8220;][\/et_pb_image][\/et_pb_column][et_pb_column type=&#8220;1_6&#8243; _builder_version=&#8220;4.16&#8243; _module_preset=&#8220;default&#8220; global_colors_info=&#8220;{}&#8220;][et_pb_image src=&#8220;https:\/\/svenskafiskauktioner.se\/wp-content\/uploads\/2020\/07\/logo-webbstart.png&#8220; title_text=&#8220;logo-webbstart&#8220; _builder_version=&#8220;4.16&#8243; _module_preset=&#8220;default&#8220; width=&#8220;83%&#8220; global_colors_info=&#8220;{}&#8220;][\/et_pb_image][\/et_pb_column][et_pb_column type=&#8220;1_6&#8243; _builder_version=&#8220;4.16&#8243; _module_preset=&#8220;default&#8220; global_colors_info=&#8220;{}&#8220;][et_pb_image src=&#8220;https:\/\/svenskafiskauktioner.se\/wp-content\/uploads\/2020\/08\/logo-sthlm-krafta.jpg&#8220; title_text=&#8220;logo-sthlm-krafta&#8220; _builder_version=&#8220;4.16&#8243; _module_preset=&#8220;default&#8220; width=&#8220;100%&#8220; max_width=&#8220;100%&#8220; custom_padding=&#8220;||17px|||&#8220; global_colors_info=&#8220;{}&#8220;][\/et_pb_image][\/et_pb_column][et_pb_column type=&#8220;1_6&#8243; _builder_version=&#8220;4.16&#8243; _module_preset=&#8220;default&#8220; global_colors_info=&#8220;{}&#8220;][et_pb_image src=&#8220;https:\/\/svenskafiskauktioner.se\/wp-content\/uploads\/2020\/09\/logo-smagen2.png&#8220; title_text=&#8220;logo-smagen2&#8243; _builder_version=&#8220;4.16&#8243; _module_preset=&#8220;default&#8220; width=&#8220;97%&#8220; global_colors_info=&#8220;{}&#8220;][\/et_pb_image][\/et_pb_column][et_pb_column type=&#8220;1_6&#8243; _builder_version=&#8220;4.16&#8243; _module_preset=&#8220;default&#8220; global_colors_info=&#8220;{}&#8220;][et_pb_image src=&#8220;https:\/\/svenskafiskauktioner.se\/wp-content\/uploads\/2020\/08\/smogenkraftor.jpg&#8220; title_text=&#8220;smogenkraftor&#8220; _builder_version=&#8220;4.16&#8243; _module_preset=&#8220;default&#8220; global_colors_info=&#8220;{}&#8220;][\/et_pb_image][\/et_pb_column][et_pb_column type=&#8220;1_6&#8243; _builder_version=&#8220;4.16&#8243; _module_preset=&#8220;default&#8220; global_colors_info=&#8220;{}&#8220;][et_pb_image src=&#8220;https:\/\/svenskafiskauktioner.se\/wp-content\/uploads\/2020\/09\/Svensk-gos__staende.png&#8220; title_text=&#8220;Svensk-gos__staende&#8220; _builder_version=&#8220;4.16&#8243; _module_preset=&#8220;default&#8220; global_colors_info=&#8220;{}&#8220;][\/et_pb_image][\/et_pb_column][\/et_pb_row][\/et_pb_section]<\/p>\n","protected":false},"excerpt":{"rendered":"<p>Neue KUNDENWillkommen als Kunde bei Sm\u00f6gens und Stockholm Fish AuctionsAls Kunde haben Sie &#8211; ohne zus\u00e4tzliche Kosten &#8211; Zugang zu den folgenden Auktionen: Sm\u00f6gener Fischauktion: Sm\u00f6gen, die Hauptstadt der Schalentiere, garantiert hochwertige Garnelen, Krebse und ganze Fische von der Westk\u00fcste und aus der Nordsee. Stockholmer Fischauktion: Eine der f\u00fchrenden Auktionen f\u00fcr S\u00fc\u00dfwasserfische in Schweden und [&hellip;]<\/p>\n","protected":false},"author":2,"featured_media":0,"parent":3045,"menu_order":2,"comment_status":"closed","ping_status":"closed","template":"","meta":{"_acf_changed":false,"_et_pb_use_builder":"on","_et_pb_old_content":"","_et_gb_content_width":"","footnotes":""},"class_list":["post-3149","page","type-page","status-publish","hentry"],"acf":[],"_links":{"self":[{"href":"https:\/\/svenskafiskauktioner.se\/de\/wp-json\/wp\/v2\/pages\/3149","targetHints":{"allow":["GET"]}}],"collection":[{"href":"https:\/\/svenskafiskauktioner.se\/de\/wp-json\/wp\/v2\/pages"}],"about":[{"href":"https:\/\/svenskafiskauktioner.se\/de\/wp-json\/wp\/v2\/types\/page"}],"author":[{"embeddable":true,"href":"https:\/\/svenskafiskauktioner.se\/de\/wp-json\/wp\/v2\/users\/2"}],"replies":[{"embeddable":true,"href":"https:\/\/svenskafiskauktioner.se\/de\/wp-json\/wp\/v2\/comments?post=3149"}],"version-history":[{"count":7,"href":"https:\/\/svenskafiskauktioner.se\/de\/wp-json\/wp\/v2\/pages\/3149\/revisions"}],"predecessor-version":[{"id":3383,"href":"https:\/\/svenskafiskauktioner.se\/de\/wp-json\/wp\/v2\/pages\/3149\/revisions\/3383"}],"up":[{"embeddable":true,"href":"https:\/\/svenskafiskauktioner.se\/de\/wp-json\/wp\/v2\/pages\/3045"}],"wp:attachment":[{"href":"https:\/\/svenskafiskauktioner.se\/de\/wp-json\/wp\/v2\/media?parent=3149"}],"curies":[{"name":"wp","href":"https:\/\/api.w.org\/{rel}","templated":true}]}}