{"id":3019,"date":"2021-09-02T06:19:48","date_gmt":"2021-09-02T06:19:48","guid":{"rendered":"https:\/\/svenskafiskauktioner.se\/pre-registration\/"},"modified":"2021-10-18T11:20:03","modified_gmt":"2021-10-18T11:20:03","slug":"pre-registration","status":"publish","type":"page","link":"https:\/\/svenskafiskauktioner.se\/en\/pre-registration\/","title":{"rendered":"EXPECTED SUPPLY"},"content":{"rendered":"<p>[et_pb_section fb_built=&#8221;1&#8243; next_background_color=&#8221;#ffffff&#8221; admin_label=&#8221;Header&#8221; _builder_version=&#8221;4.7.3&#8243; background_color=&#8221;#34545a&#8221; background_image=&#8221;https:\/\/svenskafiskauktioner.se\/wp-content\/uploads\/2020\/09\/hjalmaren2.jpg&#8221; custom_margin=&#8221;||||false&#8221; custom_padding=&#8221;11vw||11vw||true|false&#8221; bottom_divider_style=&#8221;curve&#8221; bottom_divider_height=&#8221;6vw&#8221; global_colors_info=&#8221;{}&#8221;][et_pb_row _builder_version=&#8221;4.7.3&#8243; background_color=&#8221;rgba(0,39,99,0.7)&#8221; background_enable_image=&#8221;off&#8221; background_size=&#8221;contain&#8221; custom_padding=&#8221;||16px|||&#8221; animation_style=&#8221;zoom&#8221; animation_intensity_zoom=&#8221;10%&#8221; border_radii=&#8221;on|5px|5px|5px|5px&#8221; global_colors_info=&#8221;{}&#8221;][et_pb_column type=&#8221;4_4&#8243; _builder_version=&#8221;3.25&#8243; custom_padding=&#8221;|||&#8221; global_colors_info=&#8221;{}&#8221; custom_padding__hover=&#8221;|||&#8221;][et_pb_text _builder_version=&#8221;4.5.1&#8243; text_font=&#8221;||||||||&#8221; header_font=&#8221;Montserrat|500||on|||||&#8221; header_font_size=&#8221;18px&#8221; header_letter_spacing=&#8221;5px&#8221; header_line_height=&#8221;1.5em&#8221; header_2_font=&#8221;Merriweather|||on|||||&#8221; header_2_font_size=&#8221;52px&#8221; header_2_letter_spacing=&#8221;5px&#8221; header_2_line_height=&#8221;1.4em&#8221; text_orientation=&#8221;center&#8221; background_layout=&#8221;dark&#8221; header_font_size_tablet=&#8221;&#8221; header_font_size_phone=&#8221;12px&#8221; header_font_size_last_edited=&#8221;on|desktop&#8221; header_2_font_size_tablet=&#8221;50px&#8221; header_2_font_size_phone=&#8221;30px&#8221; header_2_font_size_last_edited=&#8221;on|desktop&#8221; global_colors_info=&#8221;{}&#8221;]<\/p>\n<h2>expected supply<\/h2>\n<p>[\/et_pb_text][\/et_pb_column][\/et_pb_row][\/et_pb_section][et_pb_section fb_built=&#8221;1&#8243; _builder_version=&#8221;4.6.0&#8243; _module_preset=&#8221;default&#8221; custom_padding=&#8221;68px||172px|||&#8221; bottom_divider_color=&#8221;#d6d6d6&#8243; global_colors_info=&#8221;{}&#8221;][et_pb_row column_structure=&#8221;1_2,1_2&#8243; _builder_version=&#8221;4.6.0&#8243; _module_preset=&#8221;default&#8221; global_colors_info=&#8221;{}&#8221;][et_pb_column type=&#8221;1_2&#8243; _builder_version=&#8221;4.6.0&#8243; _module_preset=&#8221;default&#8221; global_colors_info=&#8221;{}&#8221;][et_pb_text _builder_version=&#8221;4.9.1&#8243; _module_preset=&#8221;default&#8221; text_font=&#8221;|600|||||||&#8221; text_font_size=&#8221;16px&#8221; header_2_font=&#8221;Merriweather|700|||||||&#8221; header_2_text_align=&#8221;center&#8221; header_2_text_color=&#8221;#5e5e5e&#8221; header_2_font_size=&#8221;30px&#8221; header_2_line_height=&#8221;1.3em&#8221; background_color=&#8221;#f4f4f4&#8243; text_orientation=&#8221;center&#8221; custom_margin=&#8221;0px||||false|false&#8221; custom_padding=&#8221;25px||20px||false|false&#8221; header_2_font_size_tablet=&#8221;30px&#8221; header_2_font_size_phone=&#8221;24px&#8221; header_2_font_size_last_edited=&#8221;on|phone&#8221; border_radii=&#8221;on|4px|4px|4px|4px&#8221; box_shadow_style=&#8221;preset3&#8243; box_shadow_spread=&#8221;-13px&#8221; global_colors_info=&#8221;{}&#8221;]<\/p>\n<h2>Expected Supply<\/h2>\n<h2>Sm\u00f6gen<\/h2>\n<p>[\/et_pb_text][et_pb_text _builder_version=&#8221;4.6.0&#8243; _module_preset=&#8221;default&#8221; background_color=&#8221;#f4f4f4&#8243; custom_padding=&#8221;||15px||false|false&#8221; global_colors_info=&#8221;{}&#8221;]<\/p>\n<div class=foranmalan><h2><span style=\"color: #0000ff;\"><strong>Trevlig helg<\/strong><\/span><\/h2>\n<h2><strong>Tillf\u00f6rsel 20\/4-26 kl 08<\/strong><strong>:00<\/strong><\/h2>\n<h3><span style=\"font-size: 18px;\">Sm\u00f6genr\u00e4kor ca\u00a0 <\/span><span style=\"font-size: 18px;\">ldr ( )<\/span><\/h3>\n<h3><span style=\"font-size: 18px;\">Sm\u00f6genkr\u00e4fta ca\u00a0 ldr \u00a0() <\/span><\/h3>\n<h4>Sm\u00f6genkr\u00e4fta i kassett strl (6-10)\u00a0 ldr ()<\/h4>\n<h4>Fisk \u00f6vrig ca\u00a0 ldr ()<\/h4>\n<h4>Sockert\u00e5ng 0,5 kg \/ frp, (Ny sj\u00f6rdad) skickas direkt fr\u00e5n Sm\u00f6gen ( finns 10 st)<\/h4>\n<h4>Sej\u00a0 ldr ()<\/h4>\n<h4>Torsk\u00a0 ca ldr ()<\/h4>\n<h4>Kolja ca \u00a0ldr ()<\/h4>\n<h4>Ostron (Japan)\u00a0 ldr<\/h4>\n<h4>Pigghaj \u00a0ca\u00a0 ldr ()<\/h4>\n<h4>H\u00e4lleflundra st a\u2019kg<\/h4>\n<h4>Krabbklor ca\u00a0 \u00a0ldr ca kg (Bj\u00f6rholmen)<\/h4>\n<h4>Ostron (Grebbestad)\u00a0 ldr<\/h4>\n<h4>Marulk M\/H ca\u00a0 ldr ()<\/h4>\n<h4>Marulk rump\u00a0 ldr ()<\/h4>\n<h4>R\u00f6dtunga ca\u00a0 ldr ( )<\/h4>\n<h4>Krabba\u00a0 kg (Honor)<\/h4>\n<hr \/>\n<h3><\/h3>\n<p>B\u00e5tar inom parentes har f\u00f6ranm\u00e4lt volym)<\/p>\n<p>L\u00e4gg g\u00e4rna till Sm\u00f6gens F\u00f6ranm\u00e4lan i WhatsApp, L\u00e4gg in 073-236 99 94 i telefonboken, sedan l\u00e4gg till i WhatsApp.<\/p>\n<p>svenskafiskauktioner.se<\/p>\n<p><strong>Mvh Sm\u00f6gens Fiskauktion<\/strong><\/p>\n<\/div>\n<p>[\/et_pb_text][\/et_pb_column][et_pb_column type=&#8221;1_2&#8243; _builder_version=&#8221;4.6.0&#8243; _module_preset=&#8221;default&#8221; global_colors_info=&#8221;{}&#8221;][et_pb_text _builder_version=&#8221;4.9.1&#8243; _module_preset=&#8221;default&#8221; text_font=&#8221;|600|||||||&#8221; text_font_size=&#8221;16px&#8221; header_2_font=&#8221;Merriweather|700|||||||&#8221; header_2_text_align=&#8221;center&#8221; header_2_text_color=&#8221;#5e5e5e&#8221; header_2_font_size=&#8221;30px&#8221; header_2_line_height=&#8221;1.3em&#8221; background_color=&#8221;#f4f4f4&#8243; text_orientation=&#8221;center&#8221; custom_margin=&#8221;0px||||false|false&#8221; custom_padding=&#8221;25px||20px||false|false&#8221; header_2_font_size_tablet=&#8221;&#8221; header_2_font_size_phone=&#8221;24px&#8221; header_2_font_size_last_edited=&#8221;on|phone&#8221; border_radii=&#8221;on|4px|4px|4px|4px&#8221; box_shadow_style=&#8221;preset3&#8243; box_shadow_spread=&#8221;-13px&#8221; global_colors_info=&#8221;{}&#8221;]<\/p>\n<h2>Expected Supply<\/h2>\n<h2>Stockholm<\/h2>\n<p>[\/et_pb_text][et_pb_text admin_label=&#8221;Text&#8221; _builder_version=&#8221;4.6.0&#8243; _module_preset=&#8221;default&#8221; background_color=&#8221;#f4f4f4&#8243; custom_padding=&#8221;||15px||false|false&#8221; global_colors_info=&#8221;{}&#8221;]<\/p>\n<div class=foranmalan><h3><strong>F\u00f6ranm\u00e4lan\/Expected Supply\/Verwachte Aanvoer Stockholm<\/strong><strong>\u00a0<\/strong><\/h3>\n<h3><b>Tisdag 21\/4<\/b><b> Efter Sm\u00f6gen<\/b><\/h3>\n<h4>G\u00f6s\/Pike Perch\/Snoekbaars<\/h4>\n<h4>MSC: kg<\/h4>\n<h4>Ej\/No\/ MSC: kg<\/h4>\n<h4>G\u00e4dda\/Pike\/Snoek: kg<\/h4>\n<h4>Perch\/Aborre:\u00a0 kg<\/h4>\n<h4>Lake\/Burbot:\u00a0 1k<\/h4>\n<h4>\u00d6ring: kg (No export)<\/h4>\n<h4>Lax: kg (No export)<\/h4>\n<h4><\/h4>\n<hr \/>\n<p>Vi anv\u00e4nder oss \u00e4ven av Whatsapp f\u00f6r att meddela f\u00f6ranm\u00e4lningar av fisk. 0708-148850.<\/p>\n<p><strong>Mvh Stockholms Fiskauktion<\/strong><\/p>\n<\/div>\n<p>[\/et_pb_text][\/et_pb_column][\/et_pb_row][\/et_pb_section][et_pb_section fb_built=&#8221;1&#8243; _builder_version=&#8221;4.6.0&#8243; _module_preset=&#8221;default&#8221; custom_margin=&#8221;1px||-13px|||&#8221; custom_padding=&#8221;0px|||||&#8221; bottom_divider_style=&#8221;wave2&#8243; bottom_divider_color=&#8221;rgba(0,63,122,0.49)&#8221; global_colors_info=&#8221;{}&#8221;][\/et_pb_section][et_pb_section fb_built=&#8221;1&#8243; _builder_version=&#8221;4.5.1&#8243; _module_preset=&#8221;default&#8221; background_color=&#8221;#f4f4f4&#8243; use_background_color_gradient=&#8221;on&#8221; background_color_gradient_start=&#8221;#ffffff&#8221; background_color_gradient_end=&#8221;rgba(0,0,0,0)&#8221; background_color_gradient_direction=&#8221;179deg&#8221; background_color_gradient_start_position=&#8221;100%&#8221; background_color_gradient_end_position=&#8221;22%&#8221; background_enable_image=&#8221;off&#8221; custom_margin=&#8221;-2px|||||&#8221; custom_padding=&#8221;21px||21px||true|&#8221; global_colors_info=&#8221;{}&#8221;][et_pb_row column_structure=&#8221;1_6,1_6,1_6,1_6,1_6,1_6&#8243; _builder_version=&#8221;4.5.1&#8243; _module_preset=&#8221;default&#8221; custom_margin=&#8221;14px|auto|6px|auto||&#8221; custom_padding=&#8221;||27px|||&#8221; global_colors_info=&#8221;{}&#8221;][et_pb_column type=&#8221;1_6&#8243; _builder_version=&#8221;4.5.1&#8243; _module_preset=&#8221;default&#8221; global_colors_info=&#8221;{}&#8221;][et_pb_image src=&#8221;https:\/\/svenskafiskauktioner.se\/wp-content\/uploads\/2020\/08\/smogenrakor.jpg&#8221; title_text=&#8221;smogenrakor&#8221; _builder_version=&#8221;4.5.1&#8243; _module_preset=&#8221;default&#8221; global_colors_info=&#8221;{}&#8221;][\/et_pb_image][\/et_pb_column][et_pb_column type=&#8221;1_6&#8243; _builder_version=&#8221;4.5.1&#8243; _module_preset=&#8221;default&#8221; global_colors_info=&#8221;{}&#8221;][et_pb_image src=&#8221;https:\/\/svenskafiskauktioner.se\/wp-content\/uploads\/2020\/07\/logo-webbstart.png&#8221; title_text=&#8221;logo-webbstart&#8221; _builder_version=&#8221;4.5.1&#8243; _module_preset=&#8221;default&#8221; width=&#8221;83%&#8221; global_colors_info=&#8221;{}&#8221;][\/et_pb_image][\/et_pb_column][et_pb_column type=&#8221;1_6&#8243; _builder_version=&#8221;4.5.1&#8243; _module_preset=&#8221;default&#8221; global_colors_info=&#8221;{}&#8221;][et_pb_image src=&#8221;https:\/\/svenskafiskauktioner.se\/wp-content\/uploads\/2020\/08\/logo-sthlm-krafta.jpg&#8221; title_text=&#8221;logo-sthlm-krafta&#8221; _builder_version=&#8221;4.5.1&#8243; _module_preset=&#8221;default&#8221; width=&#8221;100%&#8221; max_width=&#8221;100%&#8221; custom_padding=&#8221;||17px|||&#8221; global_colors_info=&#8221;{}&#8221;][\/et_pb_image][\/et_pb_column][et_pb_column type=&#8221;1_6&#8243; _builder_version=&#8221;4.5.1&#8243; _module_preset=&#8221;default&#8221; global_colors_info=&#8221;{}&#8221;][et_pb_image src=&#8221;https:\/\/svenskafiskauktioner.se\/wp-content\/uploads\/2020\/09\/logo-smagen2.png&#8221; title_text=&#8221;logo-smagen2&#8243; _builder_version=&#8221;4.6.0&#8243; _module_preset=&#8221;default&#8221; width=&#8221;97%&#8221; global_colors_info=&#8221;{}&#8221;][\/et_pb_image][\/et_pb_column][et_pb_column type=&#8221;1_6&#8243; _builder_version=&#8221;4.5.1&#8243; _module_preset=&#8221;default&#8221; global_colors_info=&#8221;{}&#8221;][et_pb_image src=&#8221;https:\/\/svenskafiskauktioner.se\/wp-content\/uploads\/2020\/08\/smogenkraftor.jpg&#8221; title_text=&#8221;smogenkraftor&#8221; _builder_version=&#8221;4.5.1&#8243; _module_preset=&#8221;default&#8221; global_colors_info=&#8221;{}&#8221;][\/et_pb_image][\/et_pb_column][et_pb_column type=&#8221;1_6&#8243; _builder_version=&#8221;4.5.1&#8243; _module_preset=&#8221;default&#8221; global_colors_info=&#8221;{}&#8221;][et_pb_image src=&#8221;https:\/\/svenskafiskauktioner.se\/wp-content\/uploads\/2020\/09\/Svensk-gos__staende.png&#8221; title_text=&#8221;Svensk-gos__staende&#8221; _builder_version=&#8221;4.6.0&#8243; _module_preset=&#8221;default&#8221; global_colors_info=&#8221;{}&#8221;][\/et_pb_image][\/et_pb_column][\/et_pb_row][\/et_pb_section]<\/p>\n","protected":false},"excerpt":{"rendered":"<p>expected supplyExpected Supply Sm\u00f6gen<div class=foranmalan><h2><span style=\"color: #0000ff;\"><strong>Trevlig helg<\/strong><\/span><\/h2>\n<h2><strong>Tillf\u00f6rsel 20\/4-26 kl 08<\/strong><strong>:00<\/strong><\/h2>\n<h3><span style=\"font-size: 18px;\">Sm\u00f6genr\u00e4kor ca\u00a0 <\/span><span style=\"font-size: 18px;\">ldr ( )<\/span><\/h3>\n<h3><span style=\"font-size: 18px;\">Sm\u00f6genkr\u00e4fta ca\u00a0 ldr \u00a0() <\/span><\/h3>\n<h4>Sm\u00f6genkr\u00e4fta i kassett strl (6-10)\u00a0 ldr ()<\/h4>\n<h4>Fisk \u00f6vrig ca\u00a0 ldr ()<\/h4>\n<h4>Sockert\u00e5ng 0,5 kg \/ frp, (Ny sj\u00f6rdad) skickas direkt fr\u00e5n Sm\u00f6gen ( finns 10 st)<\/h4>\n<h4>Sej\u00a0 ldr ()<\/h4>\n<h4>Torsk\u00a0 ca ldr ()<\/h4>\n<h4>Kolja ca \u00a0ldr ()<\/h4>\n<h4>Ostron (Japan)\u00a0 ldr<\/h4>\n<h4>Pigghaj \u00a0ca\u00a0 ldr ()<\/h4>\n<h4>H\u00e4lleflundra st a\u2019kg<\/h4>\n<h4>Krabbklor ca\u00a0 \u00a0ldr ca kg (Bj\u00f6rholmen)<\/h4>\n<h4>Ostron (Grebbestad)\u00a0 ldr<\/h4>\n<h4>Marulk M\/H ca\u00a0 ldr ()<\/h4>\n<h4>Marulk rump\u00a0 ldr ()<\/h4>\n<h4>R\u00f6dtunga ca\u00a0 ldr ( )<\/h4>\n<h4>Krabba\u00a0 kg (Honor)<\/h4>\n<hr \/>\n<h3><\/h3>\n<p>B\u00e5tar inom parentes har f\u00f6ranm\u00e4lt volym)<\/p>\n<p>L\u00e4gg g\u00e4rna till Sm\u00f6gens F\u00f6ranm\u00e4lan i WhatsApp, L\u00e4gg in 073-236 99 94 i telefonboken, sedan l\u00e4gg till i WhatsApp.<\/p>\n<p>svenskafiskauktioner.se<\/p>\n<p><strong>Mvh Sm\u00f6gens Fiskauktion<\/strong><\/p>\n<\/div>Expected Supply Stockholm<div class=foranmalan><h3><strong>F\u00f6ranm\u00e4lan\/Expected Supply\/Verwachte Aanvoer Stockholm<\/strong><strong>\u00a0<\/strong><\/h3>\n<h3><b>Tisdag 21\/4<\/b><b> Efter Sm\u00f6gen<\/b><\/h3>\n<h4>G\u00f6s\/Pike Perch\/Snoekbaars<\/h4>\n<h4>MSC: kg<\/h4>\n<h4>Ej\/No\/ MSC: kg<\/h4>\n<h4>G\u00e4dda\/Pike\/Snoek: kg<\/h4>\n<h4>Perch\/Aborre:\u00a0 kg<\/h4>\n<h4>Lake\/Burbot:\u00a0 1k<\/h4>\n<h4>\u00d6ring: kg (No export)<\/h4>\n<h4>Lax: kg (No export)<\/h4>\n<h4><\/h4>\n<hr \/>\n<p>Vi anv\u00e4nder oss \u00e4ven av Whatsapp f\u00f6r att meddela f\u00f6ranm\u00e4lningar av fisk. 0708-148850.<\/p>\n<p><strong>Mvh Stockholms Fiskauktion<\/strong><\/p>\n<\/div><\/p>\n","protected":false},"author":2,"featured_media":0,"parent":0,"menu_order":0,"comment_status":"closed","ping_status":"closed","template":"","meta":{"_acf_changed":false,"_et_pb_use_builder":"on","_et_pb_old_content":"","_et_gb_content_width":"","footnotes":""},"class_list":["post-3019","page","type-page","status-publish","hentry"],"acf":[],"_links":{"self":[{"href":"https:\/\/svenskafiskauktioner.se\/en\/wp-json\/wp\/v2\/pages\/3019","targetHints":{"allow":["GET"]}}],"collection":[{"href":"https:\/\/svenskafiskauktioner.se\/en\/wp-json\/wp\/v2\/pages"}],"about":[{"href":"https:\/\/svenskafiskauktioner.se\/en\/wp-json\/wp\/v2\/types\/page"}],"author":[{"embeddable":true,"href":"https:\/\/svenskafiskauktioner.se\/en\/wp-json\/wp\/v2\/users\/2"}],"replies":[{"embeddable":true,"href":"https:\/\/svenskafiskauktioner.se\/en\/wp-json\/wp\/v2\/comments?post=3019"}],"version-history":[{"count":6,"href":"https:\/\/svenskafiskauktioner.se\/en\/wp-json\/wp\/v2\/pages\/3019\/revisions"}],"predecessor-version":[{"id":3427,"href":"https:\/\/svenskafiskauktioner.se\/en\/wp-json\/wp\/v2\/pages\/3019\/revisions\/3427"}],"wp:attachment":[{"href":"https:\/\/svenskafiskauktioner.se\/en\/wp-json\/wp\/v2\/media?parent=3019"}],"curies":[{"name":"wp","href":"https:\/\/api.w.org\/{rel}","templated":true}]}}