{"id":3100,"date":"2021-09-03T08:10:36","date_gmt":"2021-09-03T08:10:36","guid":{"rendered":"https:\/\/svenskafiskauktioner.se\/about-us\/"},"modified":"2021-11-21T10:22:35","modified_gmt":"2021-11-21T10:22:35","slug":"about-us","status":"publish","type":"page","link":"https:\/\/svenskafiskauktioner.se\/en\/about-us\/","title":{"rendered":"ABOUT US"},"content":{"rendered":"<p>[et_pb_section fb_built=&#8221;1&#8243; next_background_color=&#8221;#ffffff&#8221; admin_label=&#8221;Header&#8221; _builder_version=&#8221;4.6.0&#8243; background_color=&#8221;#34545a&#8221; background_image=&#8221;https:\/\/svenskafiskauktioner.se\/wp-content\/uploads\/2020\/09\/gammal-bild.jpg&#8221; custom_margin=&#8221;||||false&#8221; custom_padding=&#8221;11vw||11vw||true|false&#8221; bottom_divider_style=&#8221;curve&#8221; bottom_divider_height=&#8221;6vw&#8221; global_colors_info=&#8221;{}&#8221;][et_pb_row _builder_version=&#8221;4.6.0&#8243; background_color=&#8221;rgba(0,0,0,0.52)&#8221; background_enable_image=&#8221;off&#8221; background_size=&#8221;contain&#8221; custom_padding=&#8221;||16px|||&#8221; animation_style=&#8221;zoom&#8221; animation_intensity_zoom=&#8221;10%&#8221; border_radii=&#8221;on|5px|5px|5px|5px&#8221; global_colors_info=&#8221;{}&#8221;][et_pb_column type=&#8221;4_4&#8243; _builder_version=&#8221;3.25&#8243; custom_padding=&#8221;|||&#8221; global_colors_info=&#8221;{}&#8221; custom_padding__hover=&#8221;|||&#8221;][et_pb_text _builder_version=&#8221;4.6.0&#8243; text_font=&#8221;||||||||&#8221; header_font=&#8221;Montserrat|500||on|||||&#8221; header_font_size=&#8221;18px&#8221; header_letter_spacing=&#8221;5px&#8221; header_line_height=&#8221;1.5em&#8221; header_2_font=&#8221;Merriweather|||on|||||&#8221; header_2_text_color=&#8221;#ffffff&#8221; header_2_font_size=&#8221;52px&#8221; header_2_letter_spacing=&#8221;5px&#8221; header_2_line_height=&#8221;1.4em&#8221; text_orientation=&#8221;center&#8221; background_layout=&#8221;dark&#8221; header_font_size_tablet=&#8221;&#8221; header_font_size_phone=&#8221;12px&#8221; header_font_size_last_edited=&#8221;on|desktop&#8221; header_2_font_size_tablet=&#8221;50px&#8221; header_2_font_size_phone=&#8221;30px&#8221; header_2_font_size_last_edited=&#8221;on|desktop&#8221; global_colors_info=&#8221;{}&#8221;]<\/p>\n<h2>ABOUT US<\/h2>\n<p>[\/et_pb_text][\/et_pb_column][\/et_pb_row][\/et_pb_section][et_pb_section fb_built=&#8221;1&#8243; admin_label=&#8221;Features&#8221; _builder_version=&#8221;4.5.1&#8243; width=&#8221;100%&#8221; min_height=&#8221;519px&#8221; custom_margin=&#8221;||-4px|||&#8221; box_shadow_style=&#8221;preset3&#8243; box_shadow_spread=&#8221;-20px&#8221; global_colors_info=&#8221;{}&#8221;][et_pb_row _builder_version=&#8221;4.5.1&#8243; _module_preset=&#8221;default&#8221; custom_padding=&#8221;||0px|||&#8221; global_colors_info=&#8221;{}&#8221;][et_pb_column type=&#8221;4_4&#8243; _builder_version=&#8221;4.5.1&#8243; _module_preset=&#8221;default&#8221; global_colors_info=&#8221;{}&#8221;][et_pb_text _builder_version=&#8221;4.6.0&#8243; _module_preset=&#8221;default&#8221; header_2_font=&#8221;Merriweather|700|||||||&#8221; header_2_font_size=&#8221;28px&#8221; custom_margin=&#8221;||8px|||&#8221; header_2_line_height_tablet=&#8221;&#8221; header_2_line_height_phone=&#8221;1.2em&#8221; header_2_line_height_last_edited=&#8221;on|phone&#8221; global_colors_info=&#8221;{}&#8221;]<\/p>\n<h2>About Swedish Fish Auctions<\/h2>\n<p>[\/et_pb_text][et_pb_text _builder_version=&#8221;4.10.6&#8243; _module_preset=&#8221;default&#8221; text_font_size=&#8221;17px&#8221; text_line_height=&#8221;1.6em&#8221; global_colors_info=&#8221;{}&#8221;]<\/p>\n<p>Swedish Fish Auctions is a collective name for Sm\u00f6gen&#8217;s Fish Auction and Stockholm&#8217;s Fish Auction.\u00a0<\/p>\n<p>&nbsp;<\/p>\n<p>[\/et_pb_text][\/et_pb_column][\/et_pb_row][et_pb_row column_structure=&#8221;1_2,1_2&#8243; _builder_version=&#8221;4.5.1&#8243; _module_preset=&#8221;default&#8221; custom_padding=&#8221;0px|||||&#8221; global_colors_info=&#8221;{}&#8221;][et_pb_column type=&#8221;1_2&#8243; _builder_version=&#8221;4.5.1&#8243; _module_preset=&#8221;default&#8221; global_colors_info=&#8221;{}&#8221;][et_pb_image src=&#8221;https:\/\/svenskafiskauktioner.se\/wp-content\/uploads\/2020\/07\/gammalt_rakkok.jpg&#8221; title_text=&#8221;gammalt_rakkok&#8221; _builder_version=&#8221;4.6.0&#8243; _module_preset=&#8221;default&#8221; border_radii=&#8221;on|4px|4px|4px|4px&#8221; global_colors_info=&#8221;{}&#8221;][\/et_pb_image][\/et_pb_column][et_pb_column type=&#8221;1_2&#8243; _builder_version=&#8221;4.5.1&#8243; _module_preset=&#8221;default&#8221; global_colors_info=&#8221;{}&#8221;][et_pb_text _builder_version=&#8221;4.10.6&#8243; _module_preset=&#8221;default&#8221; text_font_size=&#8221;17px&#8221; text_line_height=&#8221;1.6em&#8221; global_colors_info=&#8221;{}&#8221;]<\/p>\n<p><strong>Sm\u00f6gen&#8217;s Fish Auction<\/strong> has been one of Sweden&#8217;s leading fish auctions in shellfish since 1919. Here you will find the famous Sm\u00f6gen prawn and Sm\u00f6genhavskr\u00e4ftan. These are caught by small coastal fishing boats that deliver fresh seafood and fish to Sm\u00f6gen&#8217;s Fish Auction on a daily basis.<\/p>\n<p><strong>Stockholm&#8217;s Fish Auction<\/strong> is one of Europe&#8217;s largest digital auctions for lake fish and crayfish. The fish auction started in 2016 so that both suppliers and the Stockholm market would have access to a local auction. Insj\u00f6fisken comes from lakes in Sweden.<\/p>\n<p><span>Both Sm\u00f6gens Fiskauktion and Stockholms Fiskauktion are MSC marked. We are completely digital fish auctions. You can sit where you want and safely buy quality goods from your computer or phone. We have about a hundred satisfied customers both in Sweden and in Europe.<\/span><\/p>\n<p>he auctions are <a href=\"https:\/\/svenskafiskauktioner.se\/wp-content\/uploads\/2020\/09\/Smogens-och-Stockholms-fiskauktion-MSC-CoC-cert-v5.0-20200410.pdf\" target=\"_blank\" rel=\"noopener noreferrer\"><strong>MSC-<\/strong><strong>certified <\/strong><\/a>and <a href=\"https:\/\/svenskafiskauktioner.se\/wp-content\/uploads\/2020\/09\/Smogens-och-Stockholms-fiskauktion-ASC-cert-20200410.pdf\" target=\"_blank\" rel=\"noopener noreferrer\"><strong>ASC\u2013certified<\/strong><\/a> as part of sustainable fishing and we offer a modern internet-based auction system. It provides good conditions for both commercial fishermen and buyers to follow supply and demand in the market. Becoming a customer with us is easy and we help you get started with your personal auction account and your first auction purchases.<\/p>\n<p><strong>If you want to become a customer at Sm\u00f6gen&#8217;s Fish Auction:<\/strong><br \/>tfn: 0523-66 55 40<br \/>e-post: <a href=\"mailto:info@smogens-fiskauktion.com\" target=\"_blank\" rel=\"noopener noreferrer\">info@smogens-fiskauktion.com<\/a><\/p>\n<p><strong>If you want to become a customer at Stockholm&#8217;s Fish Auction:<\/strong><br \/>tfn 08-410 143 50<br \/>epost: <a href=\"mailto:kontakt@stockholmsfiskauktion.se\" target=\"_blank\" rel=\"noopener noreferrer\">kontakt@stockholmsfiskauktion.se<\/a><\/p>\n<p>&nbsp;<\/p>\n<p>[\/et_pb_text][\/et_pb_column][\/et_pb_row][\/et_pb_section][et_pb_section fb_built=&#8221;1&#8243; _builder_version=&#8221;4.5.1&#8243; _module_preset=&#8221;default&#8221; background_color=&#8221;#f4f4f4&#8243; custom_padding=&#8221;||1px|||&#8221; global_colors_info=&#8221;{}&#8221;][et_pb_row column_structure=&#8221;3_5,2_5&#8243; _builder_version=&#8221;4.5.1&#8243; _module_preset=&#8221;default&#8221; custom_padding=&#8221;||106px|||&#8221; global_colors_info=&#8221;{}&#8221;][et_pb_column type=&#8221;3_5&#8243; _builder_version=&#8221;4.5.1&#8243; _module_preset=&#8221;default&#8221; global_colors_info=&#8221;{}&#8221;][et_pb_text _builder_version=&#8221;4.10.6&#8243; _module_preset=&#8221;default&#8221; header_font=&#8221;Merriweather|700|||||||&#8221; header_font_size=&#8221;28px&#8221; custom_margin=&#8221;||19px|||&#8221; global_colors_info=&#8221;{}&#8221;]<\/p>\n<h1>Sm\u00f6gen plus Stockholm<\/h1>\n<p>[\/et_pb_text][et_pb_text _builder_version=&#8221;4.10.6&#8243; _module_preset=&#8221;default&#8221; text_font_size=&#8221;17px&#8221; text_line_height=&#8221;1.6em&#8221; header_4_font=&#8221;|600|on||||||&#8221; header_4_font_size=&#8221;16px&#8221; global_colors_info=&#8221;{}&#8221;]<\/p>\n<p><span><strong>A love story in the sign of seafood, fish and the sea<\/strong> <br \/><\/span><span>As early as the early 20th century, when live lobsters from Sm\u00f6gen packed in wooden boxes with straw, were driven by horse and cart from Sm\u00f6gen to Dingle and on by train to Stockholm, the capital&#8217;s residents became aware of the high quality of fish and shellfish from Sm\u00f6gen.<\/span><\/p>\n<p><span>During the 20th century, fishing on Sm\u00f6gen has undergone several major changes. When the spark plug engine eventually became common in the fishing boats, the development of modern trawling began. The introduction of the engines in the fishing boats also meant that it was possible to fish further away from the home port. The focus on fishing at this time was mainly catches of herring and mackerel.<\/span><\/p>\n<p><span>At the same time, a more coastal fishing for fish and crayfish started and in the late 1930s, shrimp fishing began to start in earnest. This fishing was often conducted with smaller boats that fished near the home port and landed their catch every night at Sm\u00f6gen&#8217;s Fish Auction. A functioning transport system had been built up and the goods sold at the auction in the evening were transported frozen in wooden boxes during the night to Stockholm.<\/span><\/p>\n<p><span>The fish exporters on Sm\u00f6gen became very early dependent on the Stockholm market, which in turn absorbed seafood from Sm\u00f6gen completely. The requirements that the quality of seafood was the highest possible became a rule without exception. A quality requirement that has been refined over the years through faster and better transports with deliveries in top condition.<\/span><\/p>\n<p>[\/et_pb_text][et_pb_text _builder_version=&#8221;4.10.6&#8243; _module_preset=&#8221;default&#8221; header_4_font=&#8221;|600|on||||||&#8221; header_4_font_size=&#8221;17px&#8221; global_colors_info=&#8221;{}&#8221;]<\/p>\n<h4><a href=\"https:\/\/svenskafiskauktioner.se\/wp-content\/uploads\/2021\/03\/Smogens-fiskauktion-om-oss.pdf\" target=\"_blank\" rel=\"attachment noopener wp-att-2779\">Here you can read more about Sm\u00f6gen &gt;<\/a><\/h4>\n<p>[\/et_pb_text][\/et_pb_column][et_pb_column type=&#8221;2_5&#8243; _builder_version=&#8221;4.5.1&#8243; _module_preset=&#8221;default&#8221; global_colors_info=&#8221;{}&#8221;][et_pb_image src=&#8221;https:\/\/svenskafiskauktioner.se\/wp-content\/uploads\/2020\/08\/raksmorgas.jpg&#8221; title_text=&#8221;raksmorgas&#8221; _builder_version=&#8221;4.8.2&#8243; _module_preset=&#8221;default&#8221; custom_padding=&#8221;74px||||false|false&#8221; border_radii=&#8221;on|3px|3px|3px|3px&#8221; box_shadow_style=&#8221;preset3&#8243; box_shadow_spread=&#8221;-13px&#8221; global_colors_info=&#8221;{}&#8221;][\/et_pb_image][\/et_pb_column][\/et_pb_row][\/et_pb_section][et_pb_section fb_built=&#8221;1&#8243; _builder_version=&#8221;4.5.1&#8243; _module_preset=&#8221;default&#8221; background_color=&#8221;#f4f4f4&#8243; use_background_color_gradient=&#8221;on&#8221; background_color_gradient_start=&#8221;#ffffff&#8221; background_color_gradient_end=&#8221;rgba(0,0,0,0)&#8221; background_color_gradient_direction=&#8221;179deg&#8221; background_color_gradient_start_position=&#8221;100%&#8221; background_color_gradient_end_position=&#8221;22%&#8221; background_enable_image=&#8221;off&#8221; custom_margin=&#8221;-2px|||||&#8221; custom_padding=&#8221;19px||19px||true|&#8221; global_colors_info=&#8221;{}&#8221;][et_pb_row column_structure=&#8221;1_6,1_6,1_6,1_6,1_6,1_6&#8243; _builder_version=&#8221;4.5.1&#8243; _module_preset=&#8221;default&#8221; global_colors_info=&#8221;{}&#8221;][et_pb_column type=&#8221;1_6&#8243; _builder_version=&#8221;4.5.1&#8243; _module_preset=&#8221;default&#8221; global_colors_info=&#8221;{}&#8221;][et_pb_image src=&#8221;https:\/\/svenskafiskauktioner.se\/wp-content\/uploads\/2020\/08\/smogenrakor.jpg&#8221; title_text=&#8221;smogenrakor&#8221; _builder_version=&#8221;4.5.1&#8243; _module_preset=&#8221;default&#8221; global_colors_info=&#8221;{}&#8221;][\/et_pb_image][\/et_pb_column][et_pb_column type=&#8221;1_6&#8243; _builder_version=&#8221;4.5.1&#8243; _module_preset=&#8221;default&#8221; global_colors_info=&#8221;{}&#8221;][et_pb_image src=&#8221;https:\/\/svenskafiskauktioner.se\/wp-content\/uploads\/2020\/07\/logo-webbstart.png&#8221; title_text=&#8221;logo-webbstart&#8221; _builder_version=&#8221;4.5.1&#8243; _module_preset=&#8221;default&#8221; width=&#8221;83%&#8221; global_colors_info=&#8221;{}&#8221;][\/et_pb_image][\/et_pb_column][et_pb_column type=&#8221;1_6&#8243; _builder_version=&#8221;4.5.1&#8243; _module_preset=&#8221;default&#8221; global_colors_info=&#8221;{}&#8221;][et_pb_image src=&#8221;https:\/\/svenskafiskauktioner.se\/wp-content\/uploads\/2020\/08\/logo-sthlm-krafta.jpg&#8221; title_text=&#8221;logo-sthlm-krafta&#8221; _builder_version=&#8221;4.5.1&#8243; _module_preset=&#8221;default&#8221; width=&#8221;100%&#8221; max_width=&#8221;100%&#8221; custom_padding=&#8221;||17px|||&#8221; global_colors_info=&#8221;{}&#8221;][\/et_pb_image][\/et_pb_column][et_pb_column type=&#8221;1_6&#8243; _builder_version=&#8221;4.5.1&#8243; _module_preset=&#8221;default&#8221; global_colors_info=&#8221;{}&#8221;][et_pb_image src=&#8221;https:\/\/svenskafiskauktioner.se\/wp-content\/uploads\/2020\/09\/logo-smagen2.png&#8221; title_text=&#8221;logo-smagen2&#8243; _builder_version=&#8221;4.6.0&#8243; _module_preset=&#8221;default&#8221; width=&#8221;97%&#8221; global_colors_info=&#8221;{}&#8221;][\/et_pb_image][\/et_pb_column][et_pb_column type=&#8221;1_6&#8243; _builder_version=&#8221;4.5.1&#8243; _module_preset=&#8221;default&#8221; global_colors_info=&#8221;{}&#8221;][et_pb_image src=&#8221;https:\/\/svenskafiskauktioner.se\/wp-content\/uploads\/2020\/08\/smogenkraftor.jpg&#8221; title_text=&#8221;smogenkraftor&#8221; _builder_version=&#8221;4.5.1&#8243; _module_preset=&#8221;default&#8221; global_colors_info=&#8221;{}&#8221;][\/et_pb_image][\/et_pb_column][et_pb_column type=&#8221;1_6&#8243; _builder_version=&#8221;4.5.1&#8243; _module_preset=&#8221;default&#8221; global_colors_info=&#8221;{}&#8221;][et_pb_image src=&#8221;https:\/\/svenskafiskauktioner.se\/wp-content\/uploads\/2020\/09\/Svensk-gos__staende.png&#8221; title_text=&#8221;Svensk-gos__staende&#8221; _builder_version=&#8221;4.6.0&#8243; _module_preset=&#8221;default&#8221; global_colors_info=&#8221;{}&#8221;][\/et_pb_image][\/et_pb_column][\/et_pb_row][\/et_pb_section]<\/p>\n","protected":false},"excerpt":{"rendered":"<p>ABOUT USAbout Swedish Fish AuctionsSwedish Fish Auctions is a collective name for Sm\u00f6gen&#8217;s Fish Auction and Stockholm&#8217;s Fish Auction.\u00a0 &nbsp;Sm\u00f6gen&#8217;s Fish Auction has been one of Sweden&#8217;s leading fish auctions in shellfish since 1919. Here you will find the famous Sm\u00f6gen prawn and Sm\u00f6genhavskr\u00e4ftan. These are caught by small coastal fishing boats that deliver fresh [&hellip;]<\/p>\n","protected":false},"author":2,"featured_media":0,"parent":0,"menu_order":0,"comment_status":"closed","ping_status":"closed","template":"","meta":{"_acf_changed":false,"_et_pb_use_builder":"on","_et_pb_old_content":"","_et_gb_content_width":"","footnotes":""},"class_list":["post-3100","page","type-page","status-publish","hentry"],"acf":[],"_links":{"self":[{"href":"https:\/\/svenskafiskauktioner.se\/en\/wp-json\/wp\/v2\/pages\/3100","targetHints":{"allow":["GET"]}}],"collection":[{"href":"https:\/\/svenskafiskauktioner.se\/en\/wp-json\/wp\/v2\/pages"}],"about":[{"href":"https:\/\/svenskafiskauktioner.se\/en\/wp-json\/wp\/v2\/types\/page"}],"author":[{"embeddable":true,"href":"https:\/\/svenskafiskauktioner.se\/en\/wp-json\/wp\/v2\/users\/2"}],"replies":[{"embeddable":true,"href":"https:\/\/svenskafiskauktioner.se\/en\/wp-json\/wp\/v2\/comments?post=3100"}],"version-history":[{"count":4,"href":"https:\/\/svenskafiskauktioner.se\/en\/wp-json\/wp\/v2\/pages\/3100\/revisions"}],"predecessor-version":[{"id":3221,"href":"https:\/\/svenskafiskauktioner.se\/en\/wp-json\/wp\/v2\/pages\/3100\/revisions\/3221"}],"wp:attachment":[{"href":"https:\/\/svenskafiskauktioner.se\/en\/wp-json\/wp\/v2\/media?parent=3100"}],"curies":[{"name":"wp","href":"https:\/\/api.w.org\/{rel}","templated":true}]}}